{"id":2678,"date":"2023-04-18T13:33:44","date_gmt":"2023-04-18T11:33:44","guid":{"rendered":"https:\/\/exego.ch\/1708071908679\/allgemeine-geschaeftsbedingungen\/"},"modified":"2024-03-05T15:29:40","modified_gmt":"2024-03-05T14:29:40","slug":"allgemeine-geschaeftsbedingungen","status":"publish","type":"page","link":"https:\/\/exego.ch\/de\/allgemeine-geschaeftsbedingungen\/","title":{"rendered":"Allgemeine Gesch\u00e4ftsbedingungen"},"content":{"rendered":"<div class=\"fusion-fullwidth fullwidth-box fusion-builder-row-1 fusion-flex-container nonhundred-percent-fullwidth non-hundred-percent-height-scrolling\" style=\"--awb-border-radius-top-left:0px;--awb-border-radius-top-right:0px;--awb-border-radius-bottom-right:0px;--awb-border-radius-bottom-left:0px;--awb-flex-wrap:wrap;\" ><div class=\"fusion-builder-row fusion-row fusion-flex-align-items-flex-start fusion-flex-content-wrap\" style=\"max-width:1248px;margin-left: calc(-4% \/ 2 );margin-right: calc(-4% \/ 2 );\"><div class=\"fusion-layout-column fusion_builder_column fusion-builder-column-0 fusion_builder_column_1_1 1_1 fusion-flex-column\" style=\"--awb-bg-size:cover;--awb-width-large:100%;--awb-margin-top-large:0px;--awb-spacing-right-large:1.92%;--awb-margin-bottom-large:0px;--awb-spacing-left-large:1.92%;--awb-width-medium:100%;--awb-spacing-right-medium:1.92%;--awb-spacing-left-medium:1.92%;--awb-width-small:100%;--awb-spacing-right-small:1.92%;--awb-spacing-left-small:1.92%;\"><div class=\"fusion-column-wrapper fusion-flex-justify-content-flex-start fusion-content-layout-column\"><div class=\"fusion-text fusion-text-1\"><h2>Allgemeine Gesch\u00e4ftsbedingungen<\/h2>\n<\/div><div class=\"fusion-text fusion-text-2\"><p><strong>Abonnement exego-Dienst<\/strong><\/p>\n<p>Version 2-23.05<\/p>\n<p>Diese Version ersetzt ab dem 1. Mai 2023 alle vorherigen Versionen, die ihre G\u00fcltigkeit verlieren.<\/p>\n<p><strong>Begriffsbestimmung<\/strong><\/p>\n<p>F\u00fcr den vorliegenden Vertrag haben die unten genannten Begriffe die unten angegebene Bedeutung. Die untenstehenden Begriffsbestimmungen erg\u00e4nzen die eventuellen, in den anderen Klauseln dieses Vertrags enthaltenen Begriffsbestimmungen.<\/p>\n<ul>\n<li><strong>Kunde:<\/strong> Person, die den Webdienst abonniert.<\/li>\n<li><strong>Anbieter:<\/strong> Person, die den Webdienst erbringt.<\/li>\n<li><strong>Webdienst:<\/strong> Dienst, der \u00fcber das Internet genutzt werden kann und der Eigentum des Anbieters ist, welcher die Nutzung des Dienstes erlaubt.<\/li>\n<li><strong>Webseite:<\/strong> Webseite, auf der der Webdienst gekauft werden kann.<\/li>\n<li><strong>Nutzer:<\/strong> Nutzer, die den vom Kunden gekauften Dienst nutzen.<\/li>\n<li><strong>Parteien:<\/strong> Kunde und Anbieter nach Unterzeichnung des vorliegenden Vertrags zur Annahme.<\/li>\n<\/ul>\n<p><strong>Vertragsgegenstand<\/strong><\/p>\n<p>Gegenstand des vorliegenden Vertrages ist der Webdienst mit der Bezeichnung &#8222;<strong>exego<\/strong>&#8220; (im Folgenden als Webdienst oder Dienst bezeichnet), der die digitale Verwaltung von Prozessen erlaubt, welche die Speicherung, die \u00dcbertragung, das Senden und die Einsichtnahme von Daten u\/o Dokumenten umfasst, zum Zweck der Vereinfachung der Arbeitsabl\u00e4ufe der Nutzer direkt \u00fcber das Internet, mit der M\u00f6glichkeit, die gespeicherten Dokumente herunterzuladen und auszudrucken. Die Funktionen des Dienstes sind ausf\u00fchrlich auf der Webseite www.exego.ch beschrieben (im Folgenden als Webseite bezeichnet). Der Kunde ist f\u00fcr die Wahl des Dienstes und die Eignung des Dienstes f\u00fcr seine eigenen Anforderungen verantwortlich.<\/p>\n<p>Der Anbieter beh\u00e4lt sich das Recht vor, den Webdienst mit Vorrichtungen auszustatten, die den Webdienst im Falle eines Missbrauchs sperren.<\/p>\n<p>Die nicht bestimmungsgem\u00e4\u00dfe Verwendung der Webseiten u\/o Applikationen, die Teil des Webdienstes sind, einschlie\u00dflich Hacking, ist verboten.<\/p>\n<p><strong>Vertragsabschluss und G\u00fcltigkeit des Vertrages<\/strong><\/p>\n<p>Der Vertrag hat f\u00fcr den Nutzungszeitraum des Webdienstes G\u00fcltigkeit, der vom Kunden bei der Unterzeichnung festgelegt wird. Nach Ablauf des Vertrages wird der Webdienst beendet und den Parteien ist nichts geschuldet.<\/p>\n<p>Die Nutzung des Webdienstes unterliegt der Beachtung der vom vorliegenden Vertrag festgelegten Bedingungen. Der Vertrag erlaubt dem Kunden die Nutzung des Webdienstes in der bereitgestellten Form. Der Kunde ist nicht berechtigt, Dritten (Personen, Firmen oder Einrichtungen) die Nutzung des Dienstes zu gestatten oder den Dienst an diese abzutreten.<\/p>\n<p>Nach Ablauf des Webdienstes (Guthaben aufgebraucht), der kostenlos oder mit Abonnement genutzt wird, verpflichtet sich der Anbieter, alle in den Webdienst eingegebenen Daten nach Ablauf von <strong>180 Tagen<\/strong> zu deaktivieren. <strong>Nach Ablauf von 200 Tagen <\/strong>ab F\u00e4lligkeit des vorliegenden Vertrages werden die Daten dauerhaft gel\u00f6scht, vorbehaltlich einer Verl\u00e4ngerung des Vertrages, au\u00dfer in den F\u00e4llen, in denen der gew\u00e4hlte Dienst anderslautende Bedingungen enth\u00e4lt.<\/p>\n<p>Wenn der Webdienst nicht genutzt wird oder kein Konto auf der Plattform angelegt wird und\/oder der Nutzer sich nicht auf der Plattform anmeldet, verpflichtet sich der Anbieter, alle in den Webdienst eingegebenen Daten nach Ablauf von <strong>360 Tagen<\/strong> dauerhaft zu l\u00f6schen.<\/p>\n<p>Der Kunde, der von der Speicherung der eingegebenen Daten betroffen ist, kann die Daten innerhalb der oben genannten Frist eigenst\u00e4ndig speichern. Nach Ablauf der oben genannten Frist f\u00fchrt der Anbieter eine Massenl\u00f6schung der Daten durch, die vom Kunden auf der Plattform eingegeben worden sind.<\/p>\n<p><strong>Demoversion<\/strong><\/p>\n<p>Der Testzeitraum hat eine Dauer von 30 Tagen ab Aktivierung des vom Kunden gew\u00e4hlten Webdienstes und ist kostenlos und auf 20 Dokumente beschr\u00e4nkt. Nach Ablauf des Testzeitraums und vorbehaltlich des Kaufs eines neuen Abonnements verpflichtet sich der Anbieter, alle in den Webdienst eingegebenen Daten nach Ablauf von <strong>40 Tagen<\/strong> ab Deaktivierung der Demoversion dauerhaft zu l\u00f6schen.<\/p>\n<p><strong>Vertragsaufl\u00f6sung<\/strong><\/p>\n<p>Der Kunde hat das Recht, den Vertrag jederzeit aufzul\u00f6sen, wobei beiden Parteien nichts geschuldet ist.<\/p>\n<p>Im Falle der Aufl\u00f6sung des vorliegenden Vertrages k\u00f6nnen der Kunde und seine Nutzer den Webdienst nicht l\u00e4nger nutzen, der vom Anbieter f\u00fcr den Kunden gesperrt wird.<\/p>\n<p><strong>Verf\u00fcgbarkeit des Dienstes<\/strong><\/p>\n<p>Der Anbieter ist bem\u00fcht, die Verf\u00fcgbarkeit des Webdienstes rund um die Uhr (24 Stunden am Tag) zu garantieren. Nichtsdestotrotz kommen die Parteien \u00fcberein, dass der Dienst aufgrund h\u00f6herer Gewalt oder in Ausnahmef\u00e4llen vor\u00fcbergehend nicht verf\u00fcgbar sein kann, ohne dass der Anbieter daf\u00fcr haftbar gemacht werden kann. Der Zugang zu diesem Dienst kann auch ohne Vorank\u00fcndigung nicht verf\u00fcgbar sein. Der Anbieter hat das Recht, Vorrichtungen f\u00fcr das Sperren des Dienstes zu aktivieren, sollte der Dienst vom Kunden nicht verl\u00e4ngert werden.<\/p>\n<p><strong>Geistiges Eigentumsrecht<\/strong><\/p>\n<p>Die Software, die Webseiten und die Applikationen, die den Webdienst bilden, sowie die dazugeh\u00f6rigen Dokumente, die Gegenstand des vorliegenden Vertrages sind, sind als geistige Werke urheberrechtlich gesch\u00fctzt und durch die gesetzlichen Vorschriften f\u00fcr Betriebs- und Gesch\u00e4ftsgeheimnisse, Marken und unlauteren Wettbewerb gesch\u00fctzt. Es versteht sich, dass dem Anbieter alle geistigen Eigentumsrechte f\u00fcr die neuen Versionen des Dienstes vorbehalten sind, die dem Kunden infolge der Pflege oder Erweiterung des Webdienstes geliefert werden, die Gegenstand weiterer Vereinbarungen sind. F\u00fcr die oben genannten eventuellen neuen Versionen gelten die im vorliegenden Vertrag enthaltenen Bestimmungen.<\/p>\n<p><strong>Nicht im Vertrag enthaltene Leistungen<\/strong><\/p>\n<p>Der vorliegende Vertrag gibt dem Kunden nicht das Recht auf den Erhalt eventueller \u00c4nderungen, Entwicklungen, Personalisierungen oder Implementierungen des Webdienstes, die \u00fcber die in der Funktionsweise des Dienstes angegebenen hinausgehen, welche auf der entsprechenden Webseite beschrieben ist. Der vorliegende Vertrag gibt dem Kunden nicht das Recht auf den Erhalt eventueller kommender Erweiterungen, die nach Abonnieren des Webdienstes zur Verf\u00fcgung gestellt und vom Anbieter entwickelt werden und Verbesserungen und \u00c4nderungen des Webdienstes enthalten.<\/p>\n<p><strong>Kosten<\/strong><\/p>\n<p>Die Kosten sind auf der Webseite im Bereich der Preisgestaltung angegeben, die alle Informationen \u00fcber die verf\u00fcgbaren Pakete enth\u00e4lt.<\/p>\n<p>Der Webdienst ist nach Eingang der ersten Zahlung oder Abonnieren des Testzeitraums verf\u00fcgbar, unabh\u00e4ngig vom Tag des Monats, an dem dies erfolgt.<\/p>\n<p>Der Verf\u00fcgbarkeitszeitraum entspricht der Dauer, die der Kunde beim Abonnieren durch den Kauf des entsprechenden Paktes gew\u00e4hlt hat (zum Beispiel das Paket mit <strong>80, 200 oder 500 Dokumenten<\/strong> oder das kostenlose Paket mit 20 Dokumenten f\u00fcr den Testzeitraum).<\/p>\n<p>Wenn das Abonnement nach Ablauf nicht durch den Kauf neuer Pakete vom Kunden verl\u00e4ngert wird, l\u00e4uft der Dienst ab, ohne dass der Kunde verpflichtet ist, den Dienst zu verl\u00e4ngern.<\/p>\n<p>Die Zahlung muss direkt auf der Webseite des Webdienstes per PayPal get\u00e4tigt werden.<\/p>\n<p>Nach jedem Zahlungseingang stellt der Anbieter dem Kunden eine Rechnung.<\/p>\n<p><strong>Garantie und Haftung<\/strong><\/p>\n<p>Der Anbieter garantiert ausschlie\u00dflich, dass der Webdienst in der Lage ist, die auf der Webseite angegebenen und beschriebenen Vorg\u00e4nge durchzuf\u00fchren. Der Kunde erkennt an, dass der Webdienst geeignet ist, um seine eigenen Anforderungen zu erf\u00fcllen.<\/p>\n<p>Die Parteien nehmen gegenseitig zur Kenntnis, dass zum aktuellen Stand der Technik nicht f\u00fcr die Bereitstellung eines Webdienstes garantiert werden kann, der frei von M\u00e4ngeln und Fehlern ist.<\/p>\n<p>Der Anbieter verpflichtet sich, sich um die Beseitigung eventueller M\u00e4ngel und Fehler des Webdienstes zu bem\u00fchen, \u00fcber die er vom Kunden w\u00e4hrend der Laufzeit des Abonnements oder ab Beginn der Bereitstellung des Webdienstes schriftlich informiert worden ist, vorbehaltlich der F\u00e4lle, in denen die M\u00e4ngel u\/o Fehler nicht auf die T\u00e4tigkeit des Anbieters zur\u00fcckzuf\u00fchren sind.<\/p>\n<p>In keinem Fall kann der Anbieter f\u00fcr eventuelle direkte und indirekte Sch\u00e4den haftbar gemacht werden, die dem Kunden oder Dritten infolge der Nutzung oder der nicht erfolgten Nutzung des Webdienstes entstehen.<\/p>\n<p>Die Haftbarkeit des Anbieters beschr\u00e4nkt sich in jedem Fall auf das im Rahmen des vorliegenden Vertrags erhaltene Entgelt.<\/p>\n<p><strong>Geheimhaltungsvereinbarung<\/strong><\/p>\n<p>Der Kunde verpflichtet sich, dass er und sein Personal die Informationen \u00fcber den Webdienst vertraulich behandeln, und tut alles in seiner Macht Stehende, um zu verhindern, dass Dritte in Besitz des Webdienstes gelangen oder den Webdienst nutzen, mit Ausnahme der vom Kunden befugten Nutzer.<\/p>\n<p><strong>Datenschutz<\/strong><\/p>\n<p>Es gelten die im Abschnitt &#8222;Datenschutz&#8220; angegebenen Bestimmungen, die die hohen Arbeitsstandards und Vorschriften des Schweizer Datenschutzgesetzes DSG und der Europ\u00e4ischen Datenschutzgrundverordnung DSGVO erf\u00fcllen.<\/p>\n<p>Die Parteien verpflichte sich, die von der jeweils anderen Partei erhobenen personenbezogenen Daten, in deren Besitz sie ihm Rahmen der Erf\u00fcllung des vorliegenden Vertrages gelangen, nach Vorgabe der geltenden Datenschutzbestimmungen zu verarbeiten.<\/p>\n<p>Zum Schutz der verarbeiteten Daten ist der Zugang zum Webdienst nach Vorgabe der geltenden Datenschutzbestimmungen nur mit Eingabe der vertraulichen Zugangsdaten m\u00f6glich.<\/p>\n<p>Die Daten werden auf Servern von Drittanbietern (Hosttech GmbH, in Richterswil, CHE-114.992.562) mit Standort in der Schweiz gespeichert. Der Anbieter beh\u00e4lt sich das Recht vor, die vom Kunden bei Abschlie\u00dfen des Abonnements angegebenen Daten f\u00fcr die Zusendung von Informations- u\/o Werbematerial in Form von Newsletter, SMS, Anrufen oder E-Mails zu verwenden. Der Anbieter sieht keine Abtretung oder Weitergabe der personenbezogenen Daten des Kunden an Dritte zu statistischen Zwecken oder Marketingzwecken vor. Wenn Daten und Informationen von der Justizbeh\u00f6rde in den gesetzlich vorgesehenen F\u00e4llen angefordert werden, verpflichtet sich der Anbieter, den Kunden umgehend per Einschreiben wie im vorliegenden Vertrag vorgegeben zu informieren.<\/p>\n<p>In seiner Funktion als Verantwortlicher Datenverarbeitung verpflichtet sich der Kunde bez\u00fcglich der in den Daten, Informationen und Archiven seines Unternehmens enthaltenen personenbezogenen Daten, den Anbieter nach Vorgabe des Schweizer DSG und der Europ\u00e4ischen DSGVO zum Auftragsverarbeiter der Daten zu ernennen, die f\u00fcr die korrekte Erf\u00fcllung des vorliegenden Vertrages erforderlich sind, und ihm die entsprechenden Anweisungen zu erteilen. Der Kunde h\u00e4lt den Anbieter in jedem Fall schadlos von alle Aufwendungen u\/o Kosten, die diesem aufgrund eventueller Verst\u00f6\u00dfe entstehen, welche nicht direkt auf eine Nichterf\u00fcllung der vom Kunden erteilten Anweisungen zur\u00fcckgef\u00fchrt werden k\u00f6nnen.<\/p>\n<p>Der Kunde erkl\u00e4rt und garantiert, dass er alle geeigneten und erforderlichen Sicherheitsma\u00dfnahmen ergriffen hat, um das IT-System, das Gegenstand des vorliegenden Vertrages ist (sofern es nicht vom Anbieter verwaltet wird) angemessen gegen eventuelle Verluste, Sch\u00e4den, unbefugte Zugriffe durch Dritte sowie die Infizierung mit Viren zu sch\u00fctzen. F\u00fcr den G\u00fcltigkeitszeitraum des vorliegenden Vertrages sind der Kunde und der Nutzer nach gesetzlicher Vorgabe f\u00fcr die an die Plattform \u00fcbertragenen, die hochgeladenen und die auf der Plattform gespeicherten Dokumente sowie die L\u00f6schung der verf\u00fcgbaren Dokumente verantwortlich. Die Nutzer k\u00f6nnen eine Berichtigung ihrer personenbezogenen Daten und das Erstellen neuer Zugangsdaten ausschlie\u00dflich beim Kunden beantragen, welcher die Verantwortung daf\u00fcr tr\u00e4gt.<\/p>\n<p><strong>Steuern<\/strong><\/p>\n<p>Alle Steuern und Abgaben, die f\u00fcr diesen Vertrag erhoben werden, sowie die im Vertrag angegebenen Entgelte gehen nach Vorgabe der geltenden Steuergesetze zu Lasen der einzelnen Parteien.<\/p>\n<p><strong>Geltendes Recht und Gerichtsstand<\/strong><\/p>\n<p>Innerhalb des gesetzlichen Rahmens werden alle Rechtsverh\u00e4ltnisse zwischen den Nutzern der Webseite und der Firma CHC Business Solutions AG vom Schweizer Recht geregelt. Der zust\u00e4ndige Gerichtsstand ist das Gericht in Lugano und die Version in italienischer Sprache ist ma\u00dfgeblich.<\/p>\n<p><strong>Salvatorische Klausel<\/strong><\/p>\n<p>Der vorliegende Vertrag regelt die Rechte und Pflichten des Kunden und des Anbieters bez\u00fcglich des Vertragsgegenstands.<\/p>\n<p>Alle eventuellen vorherigen und anderslautenden schriftlichen u\/o m\u00fcndlichen Vereinbarungen zwischen den Parteien werden mit Unterzeichnung des Vertrages nichtig.<\/p>\n<p>Sollte eine Parte das Verhalten einer anderen Partei dulden, das gegen die Vorgaben des vorliegenden Vertrages verst\u00f6\u00dft, kann das nicht als einen Verzicht auf die vertraglich garantierten Rechte verstanden werden.<\/p>\n<p>\u00c4nderungen der Vertragsbedingungen sind nur dann g\u00fcltig, wenn sie in schriftlicher Form erfolgen.<\/p>\n<p><em>Stand: 1. Mai 2023<\/em><\/p>\n<\/div><\/div><\/div><\/div><\/div>\n","protected":false},"excerpt":{"rendered":"","protected":false},"author":1,"featured_media":0,"parent":0,"menu_order":0,"comment_status":"closed","ping_status":"closed","template":"","meta":{"footnotes":""},"class_list":["post-2678","page","type-page","status-publish","hentry"],"yoast_head":"<!-- This site is optimized with the Yoast SEO plugin v27.2 - https:\/\/yoast.com\/product\/yoast-seo-wordpress\/ -->\n<title>Allgemeine Gesch\u00e4ftsbedingungen | Digitalisierung und Automatisierung f\u00fcr KMU<\/title>\n<meta name=\"description\" content=\"Exego ist die Suite f\u00fcr die Digitalisierung von Gesch\u00e4ftsprozessen.\" \/>\n<meta name=\"robots\" content=\"index, follow, max-snippet:-1, max-image-preview:large, max-video-preview:-1\" \/>\n<link rel=\"canonical\" href=\"https:\/\/exego.ch\/de\/allgemeine-geschaeftsbedingungen\/\" \/>\n<meta property=\"og:locale\" content=\"de_DE\" \/>\n<meta property=\"og:type\" content=\"article\" \/>\n<meta property=\"og:title\" content=\"Allgemeine Gesch\u00e4ftsbedingungen | Digitalisierung und Automatisierung f\u00fcr KMU\" \/>\n<meta property=\"og:description\" content=\"Exego ist die Suite f\u00fcr die Digitalisierung von Gesch\u00e4ftsprozessen.\" \/>\n<meta property=\"og:url\" content=\"https:\/\/exego.ch\/de\/allgemeine-geschaeftsbedingungen\/\" \/>\n<meta property=\"og:site_name\" content=\"exego \u2013 Digitalisierung und Automatisierung f\u00fcr KMU\" \/>\n<meta property=\"article:publisher\" content=\"https:\/\/www.facebook.com\/exegoch\" \/>\n<meta property=\"article:modified_time\" content=\"2024-03-05T14:29:40+00:00\" \/>\n<meta name=\"twitter:card\" content=\"summary_large_image\" \/>\n<meta name=\"twitter:label1\" content=\"Gesch\u00e4tzte Lesezeit\" \/>\n\t<meta name=\"twitter:data1\" content=\"11\u00a0Minuten\" \/>\n<script type=\"application\/ld+json\" class=\"yoast-schema-graph\">{\"@context\":\"https:\/\/schema.org\",\"@graph\":[{\"@type\":\"WebPage\",\"@id\":\"https:\/\/exego.ch\/de\/allgemeine-geschaeftsbedingungen\/\",\"url\":\"https:\/\/exego.ch\/de\/allgemeine-geschaeftsbedingungen\/\",\"name\":\"Allgemeine Gesch\u00e4ftsbedingungen | Digitalisierung und Automatisierung f\u00fcr KMU\",\"isPartOf\":{\"@id\":\"https:\/\/exego.ch\/de\/#website\"},\"datePublished\":\"2023-04-18T11:33:44+00:00\",\"dateModified\":\"2024-03-05T14:29:40+00:00\",\"description\":\"Exego ist die Suite f\u00fcr die Digitalisierung von Gesch\u00e4ftsprozessen.\",\"breadcrumb\":{\"@id\":\"https:\/\/exego.ch\/de\/allgemeine-geschaeftsbedingungen\/#breadcrumb\"},\"inLanguage\":\"de\",\"potentialAction\":[{\"@type\":\"ReadAction\",\"target\":[\"https:\/\/exego.ch\/de\/allgemeine-geschaeftsbedingungen\/\"]}]},{\"@type\":\"BreadcrumbList\",\"@id\":\"https:\/\/exego.ch\/de\/allgemeine-geschaeftsbedingungen\/#breadcrumb\",\"itemListElement\":[{\"@type\":\"ListItem\",\"position\":1,\"name\":\"Home\",\"item\":\"https:\/\/exego.ch\/de\/\"},{\"@type\":\"ListItem\",\"position\":2,\"name\":\"Allgemeine Gesch\u00e4ftsbedingungen\"}]},{\"@type\":\"WebSite\",\"@id\":\"https:\/\/exego.ch\/de\/#website\",\"url\":\"https:\/\/exego.ch\/de\/\",\"name\":\"exego\",\"description\":\"Ganz, einfach\",\"publisher\":{\"@id\":\"https:\/\/exego.ch\/de\/#organization\"},\"potentialAction\":[{\"@type\":\"SearchAction\",\"target\":{\"@type\":\"EntryPoint\",\"urlTemplate\":\"https:\/\/exego.ch\/de\/?s={search_term_string}\"},\"query-input\":{\"@type\":\"PropertyValueSpecification\",\"valueRequired\":true,\"valueName\":\"search_term_string\"}}],\"inLanguage\":\"de\"},{\"@type\":\"Organization\",\"@id\":\"https:\/\/exego.ch\/de\/#organization\",\"name\":\"CHC Business Solutions AG\",\"url\":\"https:\/\/exego.ch\/de\/\",\"logo\":{\"@type\":\"ImageObject\",\"inLanguage\":\"de\",\"@id\":\"https:\/\/exego.ch\/de\/#\/schema\/logo\/image\/\",\"url\":\"https:\/\/exego.ch\/wp-content\/uploads\/2023\/02\/bg2.png\",\"contentUrl\":\"https:\/\/exego.ch\/wp-content\/uploads\/2023\/02\/bg2.png\",\"width\":4956,\"height\":1000,\"caption\":\"CHC Business Solutions AG\"},\"image\":{\"@id\":\"https:\/\/exego.ch\/de\/#\/schema\/logo\/image\/\"},\"sameAs\":[\"https:\/\/www.facebook.com\/exegoch\",\"https:\/\/www.linkedin.com\/company\/exego-ch\/\",\"https:\/\/www.instagram.com\/exego.ch\/\"]}]}<\/script>\n<!-- \/ Yoast SEO plugin. -->","yoast_head_json":{"title":"Allgemeine Gesch\u00e4ftsbedingungen | Digitalisierung und Automatisierung f\u00fcr KMU","description":"Exego ist die Suite f\u00fcr die Digitalisierung von Gesch\u00e4ftsprozessen.","robots":{"index":"index","follow":"follow","max-snippet":"max-snippet:-1","max-image-preview":"max-image-preview:large","max-video-preview":"max-video-preview:-1"},"canonical":"https:\/\/exego.ch\/de\/allgemeine-geschaeftsbedingungen\/","og_locale":"de_DE","og_type":"article","og_title":"Allgemeine Gesch\u00e4ftsbedingungen | Digitalisierung und Automatisierung f\u00fcr KMU","og_description":"Exego ist die Suite f\u00fcr die Digitalisierung von Gesch\u00e4ftsprozessen.","og_url":"https:\/\/exego.ch\/de\/allgemeine-geschaeftsbedingungen\/","og_site_name":"exego \u2013 Digitalisierung und Automatisierung f\u00fcr KMU","article_publisher":"https:\/\/www.facebook.com\/exegoch","article_modified_time":"2024-03-05T14:29:40+00:00","twitter_card":"summary_large_image","twitter_misc":{"Gesch\u00e4tzte Lesezeit":"11\u00a0Minuten"},"schema":{"@context":"https:\/\/schema.org","@graph":[{"@type":"WebPage","@id":"https:\/\/exego.ch\/de\/allgemeine-geschaeftsbedingungen\/","url":"https:\/\/exego.ch\/de\/allgemeine-geschaeftsbedingungen\/","name":"Allgemeine Gesch\u00e4ftsbedingungen | Digitalisierung und Automatisierung f\u00fcr KMU","isPartOf":{"@id":"https:\/\/exego.ch\/de\/#website"},"datePublished":"2023-04-18T11:33:44+00:00","dateModified":"2024-03-05T14:29:40+00:00","description":"Exego ist die Suite f\u00fcr die Digitalisierung von Gesch\u00e4ftsprozessen.","breadcrumb":{"@id":"https:\/\/exego.ch\/de\/allgemeine-geschaeftsbedingungen\/#breadcrumb"},"inLanguage":"de","potentialAction":[{"@type":"ReadAction","target":["https:\/\/exego.ch\/de\/allgemeine-geschaeftsbedingungen\/"]}]},{"@type":"BreadcrumbList","@id":"https:\/\/exego.ch\/de\/allgemeine-geschaeftsbedingungen\/#breadcrumb","itemListElement":[{"@type":"ListItem","position":1,"name":"Home","item":"https:\/\/exego.ch\/de\/"},{"@type":"ListItem","position":2,"name":"Allgemeine Gesch\u00e4ftsbedingungen"}]},{"@type":"WebSite","@id":"https:\/\/exego.ch\/de\/#website","url":"https:\/\/exego.ch\/de\/","name":"exego","description":"Ganz, einfach","publisher":{"@id":"https:\/\/exego.ch\/de\/#organization"},"potentialAction":[{"@type":"SearchAction","target":{"@type":"EntryPoint","urlTemplate":"https:\/\/exego.ch\/de\/?s={search_term_string}"},"query-input":{"@type":"PropertyValueSpecification","valueRequired":true,"valueName":"search_term_string"}}],"inLanguage":"de"},{"@type":"Organization","@id":"https:\/\/exego.ch\/de\/#organization","name":"CHC Business Solutions AG","url":"https:\/\/exego.ch\/de\/","logo":{"@type":"ImageObject","inLanguage":"de","@id":"https:\/\/exego.ch\/de\/#\/schema\/logo\/image\/","url":"https:\/\/exego.ch\/wp-content\/uploads\/2023\/02\/bg2.png","contentUrl":"https:\/\/exego.ch\/wp-content\/uploads\/2023\/02\/bg2.png","width":4956,"height":1000,"caption":"CHC Business Solutions AG"},"image":{"@id":"https:\/\/exego.ch\/de\/#\/schema\/logo\/image\/"},"sameAs":["https:\/\/www.facebook.com\/exegoch","https:\/\/www.linkedin.com\/company\/exego-ch\/","https:\/\/www.instagram.com\/exego.ch\/"]}]}},"jetpack_sharing_enabled":true,"_links":{"self":[{"href":"https:\/\/exego.ch\/de\/wp-json\/wp\/v2\/pages\/2678","targetHints":{"allow":["GET"]}}],"collection":[{"href":"https:\/\/exego.ch\/de\/wp-json\/wp\/v2\/pages"}],"about":[{"href":"https:\/\/exego.ch\/de\/wp-json\/wp\/v2\/types\/page"}],"author":[{"embeddable":true,"href":"https:\/\/exego.ch\/de\/wp-json\/wp\/v2\/users\/1"}],"replies":[{"embeddable":true,"href":"https:\/\/exego.ch\/de\/wp-json\/wp\/v2\/comments?post=2678"}],"version-history":[{"count":5,"href":"https:\/\/exego.ch\/de\/wp-json\/wp\/v2\/pages\/2678\/revisions"}],"predecessor-version":[{"id":2904,"href":"https:\/\/exego.ch\/de\/wp-json\/wp\/v2\/pages\/2678\/revisions\/2904"}],"wp:attachment":[{"href":"https:\/\/exego.ch\/de\/wp-json\/wp\/v2\/media?parent=2678"}],"curies":[{"name":"wp","href":"https:\/\/api.w.org\/{rel}","templated":true}]}}