{"id":2681,"date":"2022-11-16T09:35:36","date_gmt":"2022-11-16T08:35:36","guid":{"rendered":"https:\/\/exego.ch\/1708071908679\/datenschutzerklaerung\/"},"modified":"2024-03-06T15:37:44","modified_gmt":"2024-03-06T14:37:44","slug":"datenschutzerklaerung","status":"publish","type":"page","link":"https:\/\/exego.ch\/de\/datenschutzerklaerung\/","title":{"rendered":"Datenschutzerkl\u00e4rung"},"content":{"rendered":"<div class=\"fusion-fullwidth fullwidth-box fusion-builder-row-1 fusion-flex-container nonhundred-percent-fullwidth non-hundred-percent-height-scrolling\" style=\"--awb-border-radius-top-left:0px;--awb-border-radius-top-right:0px;--awb-border-radius-bottom-right:0px;--awb-border-radius-bottom-left:0px;--awb-flex-wrap:wrap;\" ><div class=\"fusion-builder-row fusion-row fusion-flex-align-items-flex-start fusion-flex-content-wrap\" style=\"max-width:1248px;margin-left: calc(-4% \/ 2 );margin-right: calc(-4% \/ 2 );\"><div class=\"fusion-layout-column fusion_builder_column fusion-builder-column-0 fusion_builder_column_1_1 1_1 fusion-flex-column\" style=\"--awb-bg-size:cover;--awb-width-large:100%;--awb-margin-top-large:0px;--awb-spacing-right-large:1.92%;--awb-margin-bottom-large:0px;--awb-spacing-left-large:1.92%;--awb-width-medium:100%;--awb-spacing-right-medium:1.92%;--awb-spacing-left-medium:1.92%;--awb-width-small:100%;--awb-spacing-right-small:1.92%;--awb-spacing-left-small:1.92%;\"><div class=\"fusion-column-wrapper fusion-flex-justify-content-flex-start fusion-content-layout-column\"><div class=\"fusion-separator fusion-full-width-sep\" style=\"align-self: center;margin-left: auto;margin-right: auto;margin-top:40px;width:100%;\"><\/div><div class=\"fusion-text fusion-text-1\"><h2>Rechtliche Hinweise<\/h2>\n<p><strong>Allgemeine rechtliche Hinweise<\/strong><\/p>\n<p>Mit Aufrufen der auf der Webseite <strong>www.exego.ch<\/strong> verf\u00fcgbaren Informationen oder mit Nutzung der App (die &#8222;Webseite&#8220;) erkl\u00e4ren die Nutzer sich mit den im Folgenden genannten Bedingungen einverstanden (&#8222;Nutzer&#8220;). F\u00fcr eventuelle Fragen im Zusammenhang mit dem Datenschutz verweisen wir auf die entsprechende Datenschutzerkl\u00e4rung.<\/p>\n<ul>\n<li>Das Angebot ist unverbindlich.<\/li>\n<li>Kein Element auf der Webseite stellt ein verbindliches Angebot dar.<\/li>\n<\/ul>\n<p><strong>Haftungsausschluss und Garantie<\/strong><\/p>\n<p>Die Firma CHC Business Solutions AG ist bem\u00fcht, Informationen zu liefern, die zum Zeitpunkt der Ver\u00f6ffentlichung auf der Webseite auf dem neuesten Stand und korrekt sind. Die Firma CHC Business Solutions AG \u00fcbernimmt dennoch keine Garantie und keine Haftung f\u00fcr die Richtigkeit, die Zuverl\u00e4ssigkeit, die Vollst\u00e4ndigkeit oder die Genauigkeit dieser Informationen und beh\u00e4lt sich das Recht vor, die Informationen jederzeit zu \u00e4ndern.<\/p>\n<p>Die Nutzung dieser Informationen durch den Nutzer oder die Nutzer erfolgt auf eigene Gefahr.<\/p>\n<p>Der Endkunde ist verpflichtet, exego ohne Verletzung der Rechte und Interessen der Firma CHC Business Solutions AG und Dritter sowie ausschlie\u00dflich zu erlaubten und rechtm\u00e4\u00dfigen Zwecken zu verwenden, und ist der alleinige Verantwortliche f\u00fcr den Versto\u00df gegen diese Verhaltensvorschriften und Verpflichtungen. Die Verwendung von exego f\u00fcr das Speichern u\/o Teilen u\/o Ver\u00f6ffentlichen u\/o \u00dcbertragen von Daten oder digitalen Dokumenten ist verboten:<\/p>\n<ul>\n<li>wenn sie gegen geistige Eigentumsrechte, Gesch\u00e4ftsgeheimnisse, Marken, Patente oder andere Eigentumsrechte Dritter versto\u00dfen oder diese verletzen.<\/li>\n<li>wenn sie gegen die geltenden gesetzlichen Vorschriften u\/o Bestimmungen versto\u00dfen.<\/li>\n<li>wenn sie diffamatorische oder verleumderische Inhalte haben, Drohungen enthalten oder die Rechte Dritter verletzen.<\/li>\n<li>wenn sie obsz\u00f6nes oder pornografisches Material oder Material enthalten, das gegen die \u00f6ffentliche Moral verst\u00f6\u00dft.<\/li>\n<li>wenn sie Viren, Trojaner, W\u00fcrmer oder andere sch\u00e4dliche oder zerst\u00f6rerische Eigenschaften enthalten.<\/li>\n<\/ul>\n<p>Soweit die geltende Gesetzgebung dies zul\u00e4sst, \u00fcbernimmt die Firma CHC Business Solutions AG keine Haftung f\u00fcr Sch\u00e4den oder Folgesch\u00e4den, die durch den Zugang oder die Nutzung oder die Unm\u00f6glichkeit des Zugangs oder der Nutzung der Webseiten entstanden sind.<\/p>\n<p><strong>Links<\/strong><\/p>\n<p>Auf der Webseite k\u00f6nnen sich Links befinden, die nicht von der Firma CHC Business Solutions AG stammen, sowie Links zu Webseiten oder Inhalten Dritter, \u00fcber die die Firma CHC Business Solutions AG keine Kontrolle hat. Die Firma CHC Business Solutions AG \u00fcbernimmt keine Haftung f\u00fcr diese Inhalte und die Produkte, Dienstleistungen oder Angebote anderer Art, die auf den entsprechenden Webseiten vorhanden sind. Des Weiteren ist die Firma CHC Business Solutions AG nicht f\u00fcr die Webseiten haftbar, die \u00fcber diese Links aufgerufen werden k\u00f6nnen oder die die Daten anderweitig nutzen.  <\/p>\n<p><strong>Geistige Eigentumsrechte<\/strong><\/p>\n<p>Der komplette Inhalt der Webseite ist urheberrechtlich gesch\u00fctzt (alle Rechte vorbehalten). Das Herunterladen oder Ausdrucken der einzelnen Seiten oder Bereiche der Webseite sind nur f\u00fcr den pers\u00f6nlichen und nicht gewerblichen Gebrauch und unter der Bedingung erlaubt, dass die Copyright-Hinweise und andere Hinweise auf Schutzrechte nicht entfernt werden.<\/p>\n<p>Die vollst\u00e4ndige oder teilweise Vervielf\u00e4ltigung, die \u00dcbertragung (elektronisch oder mit anderen Mitteln), die \u00c4nderung oder das Verlinken der Webseite zu Werbezwecken oder zu kommerziellen Zwecken ohne schriftliche Genehmigung durch die Firma CHC Business Solutions AG sind verboten.<\/p>\n<p><strong>Geltendes Recht und Gerichtsstand<\/strong><\/p>\n<p>Innerhalb des gesetzlichen Rahmens werden alle Rechtsverh\u00e4ltnisse zwischen den Nutzern der Webseite und der Firma CHC Business Solutions AG vom Schweizer Recht geregelt. Der zust\u00e4ndige Gerichtsstand ist das Gericht in Lugano und die Version in italienischer Sprache ist ma\u00dfgeblich.<\/p>\n<\/div><\/div><\/div><div class=\"fusion-layout-column fusion_builder_column fusion-builder-column-1 fusion_builder_column_1_1 1_1 fusion-flex-column\" style=\"--awb-bg-size:cover;--awb-width-large:100%;--awb-margin-top-large:0px;--awb-spacing-right-large:1.92%;--awb-margin-bottom-large:0px;--awb-spacing-left-large:1.92%;--awb-width-medium:100%;--awb-spacing-right-medium:1.92%;--awb-spacing-left-medium:1.92%;--awb-width-small:100%;--awb-spacing-right-small:1.92%;--awb-spacing-left-small:1.92%;\"><div class=\"fusion-column-wrapper fusion-flex-justify-content-flex-start fusion-content-layout-column\"><div class=\"fusion-separator fusion-full-width-sep\" style=\"align-self: center;margin-left: auto;margin-right: auto;margin-top:40px;width:100%;\"><\/div><div class=\"fusion-text fusion-text-2\"><h2>Datenschutz<\/h2>\n<p><strong><u>Informationen zur Verarbeitung personenbezogener Daten<\/u><\/strong><\/p>\n<p><strong>EINF\u00dcHRUNG<\/strong><\/p>\n<p>Diese Datenschutzerkl\u00e4rung (&#8222;<strong>Datenschutzerkl\u00e4rung<\/strong>&#8222;) entspricht den Bestimmungen des Bundesdatenschutzgesetzes (&#8222;<strong>DSG<\/strong>&#8222;). Diese Richtlinie informiert in angemessener und transparenter Weise \u00fcber die Verarbeitung Ihrer Daten durch den f\u00fcr die Verarbeitung Verantwortlichen (im Folgenden &#8222;Verantwortlicher&#8220;), der insbesondere \u00fcber unsere Website mit uns kommuniziert oder in irgendeiner Weise mit uns interagiert. <\/p>\n<p><strong>DEFINITIONEN: <\/strong><\/p>\n<p><u>Betroffene Person:<\/u> die nat\u00fcrliche Person, deren personenbezogene Daten verarbeitet werden; <u>Personenbezogene Daten:<\/u> alle Informationen \u00fcber eine bestimmte oder bestimmbare nat\u00fcrliche Person; <u>Besonders sch\u00fctzenswerte personenbezogene Daten:<\/u> (i) Daten \u00fcber religi\u00f6se, weltanschauliche, politische oder gewerkschaftliche \u00dcberzeugungen oder T\u00e4tigkeiten, (ii) Daten \u00fcber Gesundheit, Intimsph\u00e4re oder rassische oder ethnische Herkunft, (iii) genetische Daten, (iv) biometrische Daten zur eindeutigen Identifizierung einer nat\u00fcrlichen Person, (v) Daten \u00fcber verwaltungsrechtliche und strafrechtliche Verfolgungen und Sanktionen, (vi) Daten \u00fcber Sozialhilfema\u00dfnahmen. <u>Verarbeitung:<\/u> jeder Vorgang, der personenbezogene Daten betrifft, unabh\u00e4ngig von den verwendeten Mitteln und Verfahren, insbesondere das Erheben, das Speichern, die Aufbewahrung, die Nutzung, die Ver\u00e4nderung, die \u00dcbermittlung, die Aufbewahrung, die L\u00f6schung oder die Zug\u00e4nglichmachung; <u>\u00dcbermittlung:<\/u> die \u00dcbermittlung personenbezogener Daten oder die Zug\u00e4nglichmachung dieser Daten; <u>F\u00fcr die Datenverarbeitung Verantwortlicher:<\/u> die Privatperson, die allein oder gemeinsam mit anderen \u00fcber den Zweck und die Mittel der Verarbeitung entscheidet; <u>F\u00fcr die Verarbeitung Verantwortlicher:<\/u> die Privatperson, die personenbezogene Daten im Auftrag des f\u00fcr die Verarbeitung Verantwortlichen verarbeitet.<\/p>\n<p><strong>F\u00dcR DIE DATENVERARBEITUNG VERANTWORTLICH:<\/strong><\/p>\n<p>L\u2019entit\u00e0 che effettua il Trattamento dei dati personali degli utenti \u00e8 _CHC Business Solutions AG, societ\u00e0 di diritto svizzero (CHE-109.868.376), la cui sede si trova in CH -8853 Lachen.<\/p>\n<p>Der f\u00fcr die Datenverarbeitung Verantwortliche betreibt die Website exego.ch.<\/p>\n<p>Die Kontaktdaten des f\u00fcr die Datenverarbeitung Verantwortlichen lauten wie folgt:<\/p>\n<p>CHC Business Solutions AG, Sagenriet 5, CH-8853 Lachen, email: <a href=\"mailto:privacy@exego.ch\">privacy@exego.ch<\/a><\/p>\n<p><strong>SICHERHEIT DER PERSONENBEZOGENEN DATEN <\/strong><\/p>\n<p>Der f\u00fcr die Verarbeitung Verantwortliche verpflichtet sich, im Einklang mit seinen gesetzlichen und vertraglichen Verpflichtungen geeignete technische und organisatorische Sicherheitsma\u00dfnahmen zu treffen, um die personenbezogenen Daten der betroffenen Person zu sch\u00fctzen. Als f\u00fcr die Verarbeitung Verantwortlicher verpflichten wir uns, die getroffenen Sicherheitsma\u00dfnahmen regelm\u00e4\u00dfig zu \u00fcberpr\u00fcfen, um sie an den Lauf der Zeit und die Entwicklung der Technik anzupassen. Die \u00dcbermittlung von Informationen \u00fcber ein offenes Netz wie das Internet oder andere elektronische Kommunikationsmittel birgt jedoch gewisse Sicherheitsrisiken; es ist daher nicht m\u00f6glich, die Sicherheit der auf diese Weise \u00fcbermittelten Informationen absolut zu gew\u00e4hrleisten, mit anderen Worten, es ist nicht m\u00f6glich, ein &#8222;Null-Risiko&#8220; zu gew\u00e4hrleisten.  <\/p>\n<p><strong>ZWECK DER VERARBEITUNG UND KATEGORIEN VON PERSONENBEZOGENEN DATEN <\/strong><\/p>\n<p><u>Kontaktformulare und Korrespondenz<\/u><\/p>\n<p>Die personenbezogenen Daten des Nutzers, die dieser \u00fcber die Formulare der Website und die verschiedenen und \u00fcblichen Kommunikationsmittel mitteilt, werden zu dem Zweck verarbeitet, die Anfragen der betroffenen Person nach Informationen \u00fcber Produkte und Dienstleistungen zu bearbeiten.<\/p>\n<p>Folgende Daten k\u00f6nnen verarbeitet werden: (i) Vor- und Nachname, (ii) Anschrift, (iii) E-Mail-Adresse, (iv) Telefonnummer, (v) Staatsangeh\u00f6rigkeit, (vi) Unternehmen,\u2026<\/p>\n<p>Der f\u00fcr die Verarbeitung Verantwortliche bewahrt die Daten des Nutzers so lange auf, bis der Zweck der Verarbeitung erreicht ist oder nicht mehr erreicht werden kann, vorbehaltlich der unten erl\u00e4uterten Rechte der betroffenen Person.<\/p>\n<p><u>Newsletter <\/u><\/p>\n<p>Vorbehaltlich der Zustimmung des Interessenten k\u00f6nnen seine personenbezogenen Daten im Rahmen des Newsletters der Website verwendet werden, um Werbe- oder andere Werbebotschaften im Zusammenhang mit dem Angebot von Waren und Dienstleistungen zu versenden, die der Datenverantwortliche \u00fcber die Website anbietet.<\/p>\n<p>Folgende Daten k\u00f6nnen verarbeitet werden: (i) Vor- und Nachname, (ii) E-Mail-Adresse, \u2026<\/p>\n<p>Der Interessent kann seine Einwilligung jederzeit widerrufen und die Daten m\u00fcssen vom Datenverantwortlichen auf der Grundlage dieses konkreten Antrags auf K\u00fcndigung des Dienstes gel\u00f6scht werden.<\/p>\n<p>Um das Abonnement zu k\u00fcndigen, kann der Nutzer jederzeit den entsprechenden Link am Ende jeder per Newsletter erhaltenen E-Mail ausw\u00e4hlen.<\/p>\n<p>Der Verantwortliche speichert die personenbezogenen Daten des Nutzers, bis dieser seine Zustimmung auf die oben beschriebene Weise widerruft.<\/p>\n<p><u>Zus\u00e4tzliche Informationen bez\u00fcglich der spezifischen Verarbeitung:<\/u><\/p>\n<p><strong>Newsletter<\/strong><br \/>\nNachfolgend finden Sie weitere Informationen zum Newsletter-Verwaltungsservice, der von The Rocket Science Group, LLC bereitgestellt wird.<br \/>\n<strong><br \/>\nMailChimp<\/strong>:<br \/>\n\u00dcber diesen Dienst interagieren die Nutzer mit einigen Services, wie den Plattformen zur Datensammlung direkt von der Seite dieser Website, um Daten zu speichern und wiederzuverwenden. Wenn installiert, kann es sein, dass dieser Dienst Nutzungsdaten der Seiten sammelt, auf denen er installiert ist, auch von Benutzern, die den Dienst nicht nutzen.<\/p>\n<p>Verarbeitungsort: Vereinigte Staaten<\/p>\n<p><strong>MailChimp widget<\/strong>:<br \/>\nDieser Service verbindet sich mit dem Service f\u00fcr die Verwaltung von E-Mail-Adressen und dem Versand von Nachrichten MailChimp.<br \/>\nVerarbeitungsort: Vereinigte Staaten<\/p>\n<p><u>Zahlung<\/u><\/p>\n<p>Durch unsere Zahlungsmittel oder digitalen Zahlungen erfassen wir Ihre Daten, wie zum Beispiel die Daten Ihrer Rechnungsadresse, zu dem Zweck der Vertragsdurchf\u00fchrung.<br \/>\nFalls der Nutzer \u00fcber die Website kauft, werden seine Daten automatisch durch die Verbindung (Link) zum Zahlungsformular eines externen Zahlungsdienstes \u00fcbertragen. Die Zahlungsdienste verf\u00fcgen \u00fcber die technischen Mittel, die f\u00fcr die Durchf\u00fchrung der Zahlung \u00fcber ihre Plattformen notwendig sind, und verarbeiten die vom Nutzer bei der Zahlungsaktivit\u00e4t gesammelten Daten als Verantwortlicher der Datenverarbeitung. Es wird daher empfohlen, auf den Datenschutztext des Zahlungsdienstes zu achten.<\/p>\n<p>Aufbewahrung: solange der Verantwortliche ein berechtigtes Interesse an der Datenspeicherung hat.<\/p>\n<p><u>Cookies und Browserdaten<\/u><\/p>\n<p>Diese Website verwendet Cookies, um die Navigationserfahrung der Nutzer zu verbessern. Cookies sind kleine Textdateien, die auf unserer Website installiert werden, f\u00fcr nachfolgende Besuche gespeichert bleiben und es uns erm\u00f6glichen, Informationen \u00fcber die Aktivit\u00e4ten des Nutzers auf einer bestimmten Webseite, das Profiling des Nutzers, die Analyse des Website-Traffics; ein Angebot von Werbung oder personalisierten Inhalten basierend auf den Vorlieben des Nutzers zu erhalten. Der Nutzer kann unserer Verwendung aller installierten Cookies durch Klicken auf &#8222;Alle akzeptieren&#8220; zustimmen, ebenso kann er durch Klicken auf &#8222;Alle ablehnen&#8220; ablehnen oder seine Zustimmungspr\u00e4ferenzen \u00fcber den Button &#8222;Anpassen&#8220; ausw\u00e4hlen. Weitere Informationen finden <a href=\"https:\/\/exego.ch\/de\/cookie-richtlinie\/\">Sie hier.<\/a><\/p>\n<p><strong>KATEGORIEN DER EMPF\u00c4NGER DER VERARBEITUNG<\/strong><\/p>\n<p>Um die zuvor genannten Zwecke der Verarbeitung zu erreichen, k\u00f6nnte der Verantwortliche der Verarbeitung die \u00dcbermittlung der personenbezogenen Daten des Nutzers an bestimmte Kategorien von Empf\u00e4ngern der Verarbeitung vornehmen, die wie folgt aufgelistet werden k\u00f6nnen:<\/p>\n<ul>\n<li>Gesch\u00e4ftspartner<\/li>\n<li>Juristische Einheiten, die mit der Beratung und Verwaltung der Website beauftragt sind;<\/li>\n<li>Anbieter von Telekommunikationsdiensten (einschlie\u00dflich E-Mail-Diensten)<\/li>\n<li>Anbieter von Newsletter-Versanddiensten<\/li>\n<li>Externe Anbieter, die den Zahlungsdienst betreiben<\/li>\n<li>Die zust\u00e4ndigen Beh\u00f6rden, an die die Daten aufgrund gesetzlicher und vertraglicher Verpflichtungen \u00fcbermittelt werden m\u00fcssen.<\/li>\n<\/ul>\n<p><strong>KOMMUNIKATION INS AUSLAND <\/strong><\/p>\n<p>Grunds\u00e4tzlich werden die personenbezogenen Daten der betroffenen Person vom Verantwortlichen der Datenverarbeitung und seinen Hilfspersonen, beziehungsweise von den oben genannten Empf\u00e4ngern der Verarbeitung, behandelt.<\/p>\n<p>Die Daten des Nutzers k\u00f6nnen jedoch ins Ausland \u00fcbermittelt werden, sofern dies f\u00fcr den Zweck der Verarbeitung erforderlich ist, nachdem der Verantwortliche der Verarbeitung die Existenz eines angemessenen Schutzregimes im Land der \u00dcbermittlung \u00fcberpr\u00fcft hat (bezogen auf Anhang 1 der Bundesverordnung \u00fcber den Datenschutz). Der Verantwortliche der Datenverarbeitung verpflichtet sich, den Inhalt des genannten Anhangs regelm\u00e4\u00dfig zu \u00fcberpr\u00fcfen.<\/p>\n<p>Die L\u00e4nder, an die personenbezogene Daten \u00fcbermittelt werden k\u00f6nnen, sind die folgenden:<\/p>\n<ul>\n<li>Vereinigte Staaten von Amerika!<\/li>\n<li>In Bezug auf L\u00e4nder, die nicht als geeignet angesehen werden, ein angemessenes Schutzniveau gem\u00e4\u00df dem DSG zu bieten, verpflichtet sich der Verantwortliche der Datenverarbeitung, angemessene Ma\u00dfnahmen zu ergreifen, um die Sicherheit der personenbezogenen Daten zu gew\u00e4hrleisten. In jedem Fall, bez\u00fcglich der folgenden L\u00e4nder: &#8212; VEREINIGTE STAATEN VON AMERIKA, k\u00f6nnen wir die Datenverarbeitung nicht durchf\u00fchren, es sei denn, wir haben die ausdr\u00fcckliche Zustimmung der betroffenen Person.<\/li>\n<\/ul>\n<p><strong>RECHTE DER BETROFFENEN PERSON <\/strong><\/p>\n<p>Der betroffenen Person werden die folgenden Rechte (nicht ersch\u00f6pfende Liste) garantiert, die jederzeit durch eine schriftliche Anfrage an die oben genannten Kontaktdaten des Verantwortlichen der Verarbeitung ausge\u00fcbt werden k\u00f6nnen:<\/p>\n<ul>\n<li>Sie k\u00f6nnen jederzeit und kostenlos \u00fcber Ihre personenbezogenen Daten, die wir verarbeiten, informiert werden sowie die von Ihnen bereitgestellten personenbezogenen Daten in einem lesbaren Format von uns erhalten.<\/li>\n<li>Wenn wir Ihre personenbezogenen Daten unvollst\u00e4ndig oder unrichtig verarbeiten, k\u00f6nnen Sie diese jederzeit korrigieren lassen und gegebenenfalls \u00fcber den Prozess der Korrektur informiert werden. Sofern es keinen unverh\u00e4ltnism\u00e4\u00dfigen Aufwand darstellt, werden auch die Empf\u00e4nger \u00fcber die Berichtigung der personenbezogenen Daten informiert.<\/li>\n<li>Sie haben das Recht, vom Verantwortlichen der Datenverarbeitung die L\u00f6schung der verarbeiteten personenbezogenen Daten zu verlangen, sowie die Einschr\u00e4nkung auf das zur Durchf\u00fchrung des Verarbeitungszwecks erforderliche Ma\u00df zu beantragen.<\/li>\n<\/ul>\n<p>Wir verpflichten uns, jedem Antrag der betroffenen Person unverz\u00fcglich, jedoch in jedem Fall innerhalb von 30 Tagen nach Erhalt der erforderlichen Unterlagen zur Bearbeitung dieses Antrags, nachzukommen.<\/p>\n<p><strong>Aktuelle Version, \u00c4nderungen und Updates <\/strong><\/p>\n<p>Um sicherzustellen, dass unsere Richtlinie jederzeit den geltenden gesetzlichen Bestimmungen entspricht, behalten wir uns das Recht vor, jederzeit \u00c4nderungen vorzunehmen.<\/p>\n<p><u>Letzte Aktualisierung:<\/u> 01. Februar 2024.<\/p>\n<\/div><\/div><\/div><\/div><\/div>\n","protected":false},"excerpt":{"rendered":"","protected":false},"author":1,"featured_media":0,"parent":0,"menu_order":0,"comment_status":"closed","ping_status":"closed","template":"","meta":{"footnotes":""},"class_list":["post-2681","page","type-page","status-publish","hentry"],"yoast_head":"<!-- This site is optimized with the Yoast SEO plugin v27.2 - https:\/\/yoast.com\/product\/yoast-seo-wordpress\/ -->\n<title>Privacy Policy - exego Digitalisierung und Automatisierung f\u00fcr KMU<\/title>\n<meta name=\"robots\" content=\"index, follow, max-snippet:-1, max-image-preview:large, max-video-preview:-1\" \/>\n<link rel=\"canonical\" href=\"https:\/\/exego.ch\/de\/datenschutzerklaerung\/\" \/>\n<meta property=\"og:locale\" content=\"de_DE\" \/>\n<meta property=\"og:type\" content=\"article\" \/>\n<meta property=\"og:title\" content=\"Privacy Policy - exego Digitalisierung und Automatisierung f\u00fcr KMU\" \/>\n<meta property=\"og:url\" content=\"https:\/\/exego.ch\/de\/datenschutzerklaerung\/\" \/>\n<meta property=\"og:site_name\" content=\"exego \u2013 Digitalisierung und Automatisierung f\u00fcr KMU\" \/>\n<meta property=\"article:publisher\" content=\"https:\/\/www.facebook.com\/exegoch\" \/>\n<meta property=\"article:modified_time\" content=\"2024-03-06T14:37:44+00:00\" \/>\n<meta name=\"twitter:card\" content=\"summary_large_image\" \/>\n<meta name=\"twitter:label1\" content=\"Gesch\u00e4tzte Lesezeit\" \/>\n\t<meta name=\"twitter:data1\" content=\"13\u00a0Minuten\" \/>\n<script type=\"application\/ld+json\" class=\"yoast-schema-graph\">{\"@context\":\"https:\/\/schema.org\",\"@graph\":[{\"@type\":\"WebPage\",\"@id\":\"https:\/\/exego.ch\/de\/datenschutzerklaerung\/\",\"url\":\"https:\/\/exego.ch\/de\/datenschutzerklaerung\/\",\"name\":\"Privacy Policy - exego Digitalisierung und Automatisierung f\u00fcr KMU\",\"isPartOf\":{\"@id\":\"https:\/\/exego.ch\/de\/#website\"},\"datePublished\":\"2022-11-16T08:35:36+00:00\",\"dateModified\":\"2024-03-06T14:37:44+00:00\",\"breadcrumb\":{\"@id\":\"https:\/\/exego.ch\/de\/datenschutzerklaerung\/#breadcrumb\"},\"inLanguage\":\"de\",\"potentialAction\":[{\"@type\":\"ReadAction\",\"target\":[\"https:\/\/exego.ch\/de\/datenschutzerklaerung\/\"]}]},{\"@type\":\"BreadcrumbList\",\"@id\":\"https:\/\/exego.ch\/de\/datenschutzerklaerung\/#breadcrumb\",\"itemListElement\":[{\"@type\":\"ListItem\",\"position\":1,\"name\":\"Home\",\"item\":\"https:\/\/exego.ch\/de\/\"},{\"@type\":\"ListItem\",\"position\":2,\"name\":\"Datenschutzerkl\u00e4rung\"}]},{\"@type\":\"WebSite\",\"@id\":\"https:\/\/exego.ch\/de\/#website\",\"url\":\"https:\/\/exego.ch\/de\/\",\"name\":\"exego\",\"description\":\"Ganz, einfach\",\"publisher\":{\"@id\":\"https:\/\/exego.ch\/de\/#organization\"},\"potentialAction\":[{\"@type\":\"SearchAction\",\"target\":{\"@type\":\"EntryPoint\",\"urlTemplate\":\"https:\/\/exego.ch\/de\/?s={search_term_string}\"},\"query-input\":{\"@type\":\"PropertyValueSpecification\",\"valueRequired\":true,\"valueName\":\"search_term_string\"}}],\"inLanguage\":\"de\"},{\"@type\":\"Organization\",\"@id\":\"https:\/\/exego.ch\/de\/#organization\",\"name\":\"CHC Business Solutions AG\",\"url\":\"https:\/\/exego.ch\/de\/\",\"logo\":{\"@type\":\"ImageObject\",\"inLanguage\":\"de\",\"@id\":\"https:\/\/exego.ch\/de\/#\/schema\/logo\/image\/\",\"url\":\"https:\/\/exego.ch\/wp-content\/uploads\/2023\/02\/bg2.png\",\"contentUrl\":\"https:\/\/exego.ch\/wp-content\/uploads\/2023\/02\/bg2.png\",\"width\":4956,\"height\":1000,\"caption\":\"CHC Business Solutions AG\"},\"image\":{\"@id\":\"https:\/\/exego.ch\/de\/#\/schema\/logo\/image\/\"},\"sameAs\":[\"https:\/\/www.facebook.com\/exegoch\",\"https:\/\/www.linkedin.com\/company\/exego-ch\/\",\"https:\/\/www.instagram.com\/exego.ch\/\"]}]}<\/script>\n<!-- \/ Yoast SEO plugin. -->","yoast_head_json":{"title":"Privacy Policy - exego Digitalisierung und Automatisierung f\u00fcr KMU","robots":{"index":"index","follow":"follow","max-snippet":"max-snippet:-1","max-image-preview":"max-image-preview:large","max-video-preview":"max-video-preview:-1"},"canonical":"https:\/\/exego.ch\/de\/datenschutzerklaerung\/","og_locale":"de_DE","og_type":"article","og_title":"Privacy Policy - exego Digitalisierung und Automatisierung f\u00fcr KMU","og_url":"https:\/\/exego.ch\/de\/datenschutzerklaerung\/","og_site_name":"exego \u2013 Digitalisierung und Automatisierung f\u00fcr KMU","article_publisher":"https:\/\/www.facebook.com\/exegoch","article_modified_time":"2024-03-06T14:37:44+00:00","twitter_card":"summary_large_image","twitter_misc":{"Gesch\u00e4tzte Lesezeit":"13\u00a0Minuten"},"schema":{"@context":"https:\/\/schema.org","@graph":[{"@type":"WebPage","@id":"https:\/\/exego.ch\/de\/datenschutzerklaerung\/","url":"https:\/\/exego.ch\/de\/datenschutzerklaerung\/","name":"Privacy Policy - exego Digitalisierung und Automatisierung f\u00fcr KMU","isPartOf":{"@id":"https:\/\/exego.ch\/de\/#website"},"datePublished":"2022-11-16T08:35:36+00:00","dateModified":"2024-03-06T14:37:44+00:00","breadcrumb":{"@id":"https:\/\/exego.ch\/de\/datenschutzerklaerung\/#breadcrumb"},"inLanguage":"de","potentialAction":[{"@type":"ReadAction","target":["https:\/\/exego.ch\/de\/datenschutzerklaerung\/"]}]},{"@type":"BreadcrumbList","@id":"https:\/\/exego.ch\/de\/datenschutzerklaerung\/#breadcrumb","itemListElement":[{"@type":"ListItem","position":1,"name":"Home","item":"https:\/\/exego.ch\/de\/"},{"@type":"ListItem","position":2,"name":"Datenschutzerkl\u00e4rung"}]},{"@type":"WebSite","@id":"https:\/\/exego.ch\/de\/#website","url":"https:\/\/exego.ch\/de\/","name":"exego","description":"Ganz, einfach","publisher":{"@id":"https:\/\/exego.ch\/de\/#organization"},"potentialAction":[{"@type":"SearchAction","target":{"@type":"EntryPoint","urlTemplate":"https:\/\/exego.ch\/de\/?s={search_term_string}"},"query-input":{"@type":"PropertyValueSpecification","valueRequired":true,"valueName":"search_term_string"}}],"inLanguage":"de"},{"@type":"Organization","@id":"https:\/\/exego.ch\/de\/#organization","name":"CHC Business Solutions AG","url":"https:\/\/exego.ch\/de\/","logo":{"@type":"ImageObject","inLanguage":"de","@id":"https:\/\/exego.ch\/de\/#\/schema\/logo\/image\/","url":"https:\/\/exego.ch\/wp-content\/uploads\/2023\/02\/bg2.png","contentUrl":"https:\/\/exego.ch\/wp-content\/uploads\/2023\/02\/bg2.png","width":4956,"height":1000,"caption":"CHC Business Solutions AG"},"image":{"@id":"https:\/\/exego.ch\/de\/#\/schema\/logo\/image\/"},"sameAs":["https:\/\/www.facebook.com\/exegoch","https:\/\/www.linkedin.com\/company\/exego-ch\/","https:\/\/www.instagram.com\/exego.ch\/"]}]}},"jetpack_sharing_enabled":true,"_links":{"self":[{"href":"https:\/\/exego.ch\/de\/wp-json\/wp\/v2\/pages\/2681","targetHints":{"allow":["GET"]}}],"collection":[{"href":"https:\/\/exego.ch\/de\/wp-json\/wp\/v2\/pages"}],"about":[{"href":"https:\/\/exego.ch\/de\/wp-json\/wp\/v2\/types\/page"}],"author":[{"embeddable":true,"href":"https:\/\/exego.ch\/de\/wp-json\/wp\/v2\/users\/1"}],"replies":[{"embeddable":true,"href":"https:\/\/exego.ch\/de\/wp-json\/wp\/v2\/comments?post=2681"}],"version-history":[{"count":7,"href":"https:\/\/exego.ch\/de\/wp-json\/wp\/v2\/pages\/2681\/revisions"}],"predecessor-version":[{"id":2934,"href":"https:\/\/exego.ch\/de\/wp-json\/wp\/v2\/pages\/2681\/revisions\/2934"}],"wp:attachment":[{"href":"https:\/\/exego.ch\/de\/wp-json\/wp\/v2\/media?parent=2681"}],"curies":[{"name":"wp","href":"https:\/\/api.w.org\/{rel}","templated":true}]}}