{"id":6803,"date":"2025-09-09T10:12:18","date_gmt":"2025-09-09T08:12:18","guid":{"rendered":"https:\/\/exego.ch\/vendor-registration\/"},"modified":"2025-09-09T10:12:18","modified_gmt":"2025-09-09T08:12:18","slug":"vendor-registration","status":"publish","type":"page","link":"https:\/\/exego.ch\/de\/vendor-registration\/","title":{"rendered":"Vendor Registration"},"content":{"rendered":"<div class=\"mvx_regi_main\">\n    <form class=\"register\" role=\"form\" method=\"post\" enctype=\"multipart\/form-data\">\n                <h2 class=\"reg_header1\">Verk\u00e4ufer-Anmeldungsformular<\/h2>\n        <h7 class=\"\"><\/h7>\n\n        <div class=\"mvx_regi_form_box\">\n                        <h3 class=\"reg_header2\">Kontodetails<\/h3>\n                        <div class=\"mvx-regi-12\">\n                <label for=\"reg_email\">E-Mail-Adresse <span class=\"required\">*<\/span><\/label>\n                <input type=\"email\" required=\"required\"  name=\"email\" id=\"reg_email\" value=\"\" \/>\n            <\/div>\n                            <div class=\"mvx-regi-12\">\n                    <label for=\"reg_password\">Passwort <span class=\"required\">*<\/span><\/label>\n                    <input type=\"password\" required=\"required\" name=\"password\" id=\"reg_password\" \/>\n                <\/div>\n                        <div style=\"left: -999em; position: absolute;\"><label for=\"trap\">Anti-Spam<\/label><input type=\"text\" name=\"email_2\" id=\"trap\" tabindex=\"-1\" \/><\/div>\n            <input type=\"hidden\" id=\"woocommerce-register-nonce\" name=\"woocommerce-register-nonce\" value=\"844c7ad354\" \/><input type=\"hidden\" name=\"_wp_http_referer\" value=\"\/de\/wp-json\/wp\/v2\/pages\/6803\" \/>                        <script>\n    jQuery(document).ready(function ($) {\n        $('.img_tip').each(function () {\n            $(this).qtip({\n                content: $(this).attr('data-desc'),\n                position: {\n                    my: 'top center',\n                    at: 'bottom center',\n                    viewport: $(window)\n                },\n                show: {\n                    event: 'mouseover',\n                    solo: true,\n                },\n                hide: {\n                    inactive: 6000,\n                    fixed: true\n                },\n                style: {\n                    classes: 'qtip-dark qtip-shadow qtip-rounded qtip-dc-css',\n                    width: 200\n                }\n            });\n        });\n    });\n<\/script>            <div class=\"clearboth\"><\/div>\n        <\/div>\n         \n                <input type=\"hidden\" value=\"true\" name=\"pending_vendor\" \/>\n        <wc-order-attribution-inputs><\/wc-order-attribution-inputs><div class=\"woocommerce-privacy-policy-text\"><p>Ihre pers\u00f6nlichen Daten werden verwendet, um Ihre Bestellung zu bearbeiten, Ihre Erfahrung auf dieser Website zu unterst\u00fctzen und f\u00fcr andere Zwecke, die in unserer <a href=\"https:\/\/exego.ch\/privacy-policy\/\" class=\"woocommerce-privacy-policy-link\" target=\"_blank\">Datenschutzerkl\u00e4rung<\/a> beschrieben sind.<\/p>\n<\/div>        <p class=\"woocomerce-FormRow form-row\">\n                        <button type=\"submit\" class=\"woocommerce-Button button\" name=\"register\">Registrieren<\/button>\n        <\/p>\n            <\/form>\n<\/div>\n","protected":false},"excerpt":{"rendered":"","protected":false},"author":1,"featured_media":0,"parent":0,"menu_order":0,"comment_status":"closed","ping_status":"closed","template":"","meta":{"footnotes":""},"class_list":["post-6803","page","type-page","status-publish","hentry"],"yoast_head":"<!-- This site is optimized with the Yoast SEO plugin v27.5 - https:\/\/yoast.com\/product\/yoast-seo-wordpress\/ -->\n<title>Vendor Registration - exego \u2013 Digitalisierung und Automatisierung f\u00fcr KMU<\/title>\n<meta name=\"robots\" content=\"index, follow, max-snippet:-1, max-image-preview:large, max-video-preview:-1\" \/>\n<link rel=\"canonical\" href=\"https:\/\/exego.ch\/de\/vendor-registration\/\" \/>\n<meta property=\"og:locale\" content=\"de_DE\" \/>\n<meta property=\"og:type\" content=\"article\" \/>\n<meta property=\"og:title\" content=\"Vendor Registration - exego \u2013 Digitalisierung und Automatisierung f\u00fcr KMU\" \/>\n<meta property=\"og:url\" content=\"https:\/\/exego.ch\/de\/vendor-registration\/\" \/>\n<meta property=\"og:site_name\" content=\"exego \u2013 Digitalisierung und Automatisierung f\u00fcr KMU\" \/>\n<meta property=\"article:publisher\" content=\"https:\/\/www.facebook.com\/exegoch\" \/>\n<meta name=\"twitter:card\" content=\"summary_large_image\" \/>\n<script type=\"application\/ld+json\" class=\"yoast-schema-graph\">{\"@context\":\"https:\\\/\\\/schema.org\",\"@graph\":[{\"@type\":\"WebPage\",\"@id\":\"https:\\\/\\\/exego.ch\\\/de\\\/vendor-registration\\\/\",\"url\":\"https:\\\/\\\/exego.ch\\\/de\\\/vendor-registration\\\/\",\"name\":\"Vendor Registration - exego \u2013 Digitalisierung und Automatisierung f\u00fcr KMU\",\"isPartOf\":{\"@id\":\"https:\\\/\\\/exego.ch\\\/de\\\/#website\"},\"datePublished\":\"2025-09-09T08:12:18+00:00\",\"breadcrumb\":{\"@id\":\"https:\\\/\\\/exego.ch\\\/de\\\/vendor-registration\\\/#breadcrumb\"},\"inLanguage\":\"de\",\"potentialAction\":[{\"@type\":\"ReadAction\",\"target\":[\"https:\\\/\\\/exego.ch\\\/de\\\/vendor-registration\\\/\"]}]},{\"@type\":\"BreadcrumbList\",\"@id\":\"https:\\\/\\\/exego.ch\\\/de\\\/vendor-registration\\\/#breadcrumb\",\"itemListElement\":[{\"@type\":\"ListItem\",\"position\":1,\"name\":\"Home\",\"item\":\"https:\\\/\\\/exego.ch\\\/de\\\/\"},{\"@type\":\"ListItem\",\"position\":2,\"name\":\"Vendor Registration\"}]},{\"@type\":\"WebSite\",\"@id\":\"https:\\\/\\\/exego.ch\\\/de\\\/#website\",\"url\":\"https:\\\/\\\/exego.ch\\\/de\\\/\",\"name\":\"exego\",\"description\":\"Ganz, einfach\",\"publisher\":{\"@id\":\"https:\\\/\\\/exego.ch\\\/de\\\/#organization\"},\"potentialAction\":[{\"@type\":\"SearchAction\",\"target\":{\"@type\":\"EntryPoint\",\"urlTemplate\":\"https:\\\/\\\/exego.ch\\\/de\\\/?s={search_term_string}\"},\"query-input\":{\"@type\":\"PropertyValueSpecification\",\"valueRequired\":true,\"valueName\":\"search_term_string\"}}],\"inLanguage\":\"de\"},{\"@type\":\"Organization\",\"@id\":\"https:\\\/\\\/exego.ch\\\/de\\\/#organization\",\"name\":\"CHC Business Solutions AG\",\"url\":\"https:\\\/\\\/exego.ch\\\/de\\\/\",\"logo\":{\"@type\":\"ImageObject\",\"inLanguage\":\"de\",\"@id\":\"https:\\\/\\\/exego.ch\\\/de\\\/#\\\/schema\\\/logo\\\/image\\\/\",\"url\":\"https:\\\/\\\/exego.ch\\\/wp-content\\\/uploads\\\/2023\\\/02\\\/bg2.png\",\"contentUrl\":\"https:\\\/\\\/exego.ch\\\/wp-content\\\/uploads\\\/2023\\\/02\\\/bg2.png\",\"width\":4956,\"height\":1000,\"caption\":\"CHC Business Solutions AG\"},\"image\":{\"@id\":\"https:\\\/\\\/exego.ch\\\/de\\\/#\\\/schema\\\/logo\\\/image\\\/\"},\"sameAs\":[\"https:\\\/\\\/www.facebook.com\\\/exegoch\",\"https:\\\/\\\/www.linkedin.com\\\/company\\\/exego-ch\\\/\",\"https:\\\/\\\/www.instagram.com\\\/exego.ch\\\/\"]}]}<\/script>\n<!-- \/ Yoast SEO plugin. -->","yoast_head_json":{"title":"Vendor Registration - exego \u2013 Digitalisierung und Automatisierung f\u00fcr KMU","robots":{"index":"index","follow":"follow","max-snippet":"max-snippet:-1","max-image-preview":"max-image-preview:large","max-video-preview":"max-video-preview:-1"},"canonical":"https:\/\/exego.ch\/de\/vendor-registration\/","og_locale":"de_DE","og_type":"article","og_title":"Vendor Registration - exego \u2013 Digitalisierung und Automatisierung f\u00fcr KMU","og_url":"https:\/\/exego.ch\/de\/vendor-registration\/","og_site_name":"exego \u2013 Digitalisierung und Automatisierung f\u00fcr KMU","article_publisher":"https:\/\/www.facebook.com\/exegoch","twitter_card":"summary_large_image","schema":{"@context":"https:\/\/schema.org","@graph":[{"@type":"WebPage","@id":"https:\/\/exego.ch\/de\/vendor-registration\/","url":"https:\/\/exego.ch\/de\/vendor-registration\/","name":"Vendor Registration - exego \u2013 Digitalisierung und Automatisierung f\u00fcr KMU","isPartOf":{"@id":"https:\/\/exego.ch\/de\/#website"},"datePublished":"2025-09-09T08:12:18+00:00","breadcrumb":{"@id":"https:\/\/exego.ch\/de\/vendor-registration\/#breadcrumb"},"inLanguage":"de","potentialAction":[{"@type":"ReadAction","target":["https:\/\/exego.ch\/de\/vendor-registration\/"]}]},{"@type":"BreadcrumbList","@id":"https:\/\/exego.ch\/de\/vendor-registration\/#breadcrumb","itemListElement":[{"@type":"ListItem","position":1,"name":"Home","item":"https:\/\/exego.ch\/de\/"},{"@type":"ListItem","position":2,"name":"Vendor Registration"}]},{"@type":"WebSite","@id":"https:\/\/exego.ch\/de\/#website","url":"https:\/\/exego.ch\/de\/","name":"exego","description":"Ganz, einfach","publisher":{"@id":"https:\/\/exego.ch\/de\/#organization"},"potentialAction":[{"@type":"SearchAction","target":{"@type":"EntryPoint","urlTemplate":"https:\/\/exego.ch\/de\/?s={search_term_string}"},"query-input":{"@type":"PropertyValueSpecification","valueRequired":true,"valueName":"search_term_string"}}],"inLanguage":"de"},{"@type":"Organization","@id":"https:\/\/exego.ch\/de\/#organization","name":"CHC Business Solutions AG","url":"https:\/\/exego.ch\/de\/","logo":{"@type":"ImageObject","inLanguage":"de","@id":"https:\/\/exego.ch\/de\/#\/schema\/logo\/image\/","url":"https:\/\/exego.ch\/wp-content\/uploads\/2023\/02\/bg2.png","contentUrl":"https:\/\/exego.ch\/wp-content\/uploads\/2023\/02\/bg2.png","width":4956,"height":1000,"caption":"CHC Business Solutions AG"},"image":{"@id":"https:\/\/exego.ch\/de\/#\/schema\/logo\/image\/"},"sameAs":["https:\/\/www.facebook.com\/exegoch","https:\/\/www.linkedin.com\/company\/exego-ch\/","https:\/\/www.instagram.com\/exego.ch\/"]}]}},"jetpack_sharing_enabled":true,"_links":{"self":[{"href":"https:\/\/exego.ch\/de\/wp-json\/wp\/v2\/pages\/6803","targetHints":{"allow":["GET"]}}],"collection":[{"href":"https:\/\/exego.ch\/de\/wp-json\/wp\/v2\/pages"}],"about":[{"href":"https:\/\/exego.ch\/de\/wp-json\/wp\/v2\/types\/page"}],"author":[{"embeddable":true,"href":"https:\/\/exego.ch\/de\/wp-json\/wp\/v2\/users\/1"}],"replies":[{"embeddable":true,"href":"https:\/\/exego.ch\/de\/wp-json\/wp\/v2\/comments?post=6803"}],"version-history":[{"count":0,"href":"https:\/\/exego.ch\/de\/wp-json\/wp\/v2\/pages\/6803\/revisions"}],"wp:attachment":[{"href":"https:\/\/exego.ch\/de\/wp-json\/wp\/v2\/media?parent=6803"}],"curies":[{"name":"wp","href":"https:\/\/api.w.org\/{rel}","templated":true}]}}