{"id":5511,"date":"2023-04-18T13:33:44","date_gmt":"2023-04-18T11:33:44","guid":{"rendered":"https:\/\/exego.ch\/conditions-generales-de-vente\/"},"modified":"2024-06-18T13:56:56","modified_gmt":"2024-06-18T11:56:56","slug":"conditions-generales-de-vente","status":"publish","type":"page","link":"https:\/\/exego.ch\/fr\/conditions-generales-de-vente\/","title":{"rendered":"Conditions g\u00e9n\u00e9rales de vente"},"content":{"rendered":"<div class=\"fusion-fullwidth fullwidth-box fusion-builder-row-1 fusion-flex-container nonhundred-percent-fullwidth non-hundred-percent-height-scrolling\" style=\"--awb-border-radius-top-left:0px;--awb-border-radius-top-right:0px;--awb-border-radius-bottom-right:0px;--awb-border-radius-bottom-left:0px;--awb-flex-wrap:wrap;\" ><div class=\"fusion-builder-row fusion-row fusion-flex-align-items-flex-start fusion-flex-content-wrap\" style=\"max-width:1248px;margin-left: calc(-4% \/ 2 );margin-right: calc(-4% \/ 2 );\"><div class=\"fusion-layout-column fusion_builder_column fusion-builder-column-0 fusion_builder_column_1_1 1_1 fusion-flex-column\" style=\"--awb-bg-size:cover;--awb-width-large:100%;--awb-margin-top-large:0px;--awb-spacing-right-large:1.92%;--awb-margin-bottom-large:0px;--awb-spacing-left-large:1.92%;--awb-width-medium:100%;--awb-spacing-right-medium:1.92%;--awb-spacing-left-medium:1.92%;--awb-width-small:100%;--awb-spacing-right-small:1.92%;--awb-spacing-left-small:1.92%;\"><div class=\"fusion-column-wrapper fusion-flex-justify-content-flex-start fusion-content-layout-column\"><div class=\"fusion-text fusion-text-1\"><h2>Conditions g\u00e9n\u00e9rales de vente<\/h2>\n<\/div><div class=\"fusion-text fusion-text-2\"><p><strong>Abonnement au service exego<\/strong><\/p>\n<p>Version 2-23.05<\/p>\n<p>Annule et remplace les versions pr\u00e9c\u00e9dentes \u00e0 partir du 1er mai 2023<\/p>\n<p><strong>D\u00e9finitions<\/strong><\/p>\n<p>Aux fins du pr\u00e9sent contrat, les termes indiqu\u00e9s ci-dessous auront le sens qui leur est pr\u00e9t\u00e9 \u00e0 c\u00f4t\u00e9 de chacun d&rsquo;eux. Les d\u00e9finitions suivantes s&rsquo;ajoutent \u00e0 celles \u00e9ventuellement pr\u00e9sentes dans d&rsquo;autres clauses du pr\u00e9sent contrat.<\/p>\n<ul>\n<li><strong>Client: <\/strong> la partie souscrivant au Service Web.<\/li>\n<li><strong>Fournisseur:<\/strong> la partie prestataire du Service Web.<\/li>\n<li><strong>Service web:<\/strong> service accessible via le web dont le Fournisseur d\u00e9tient la propri\u00e9t\u00e9 et permet l&rsquo;utilisation.<\/li>\n<li><strong>Site web:<\/strong> site de r\u00e9f\u00e9rence pour l&rsquo;achat du Service Web.<\/li>\n<li><strong>Utilisateurs:<\/strong> les individus qui utilisent le Service achet\u00e9 par le Client.<\/li>\n<li><strong>Parties: <\/strong> Client et Fournisseur, apr\u00e8s la souscription pour acceptation de la pr\u00e9sente proposition.<\/li>\n<\/ul>\n<p><strong>Objet du Contrat<\/strong><\/p>\n<p>Le pr\u00e9sent Contrat a pour objet le Service Web d\u00e9nomm\u00e9 \u00ab\u00a0<strong>exego<\/strong>\u00a0\u00bb (ci-apr\u00e8s uniquement Service web ou service), qui permet la gestion num\u00e9rique des processus en permettant le stockage, la transmission, l&rsquo;envoi et la consultation d&rsquo;informations et\/ou de documentation dans le but de simplifier l&rsquo;op\u00e9ration des utilisateurs directement via le web, avec la possibilit\u00e9 de t\u00e9l\u00e9charger\/imprimer les documents archiv\u00e9s. Les fonctionnalit\u00e9s du Service sont mieux d\u00e9crites sur le site www.exego.ch (ci-apr\u00e8s uniquement Site web). Le Client est responsable du choix du Service et de sa correspondance \u00e0 ses besoins. Le Fournisseur se r\u00e9serve le droit d&rsquo;appliquer au Service web des dispositifs bloquant son fonctionnement en cas d&rsquo;utilisation incorrecte par rapport \u00e0 ce qui est autoris\u00e9. Il est interdit dans tous les cas d&rsquo;utiliser de mani\u00e8re impropre les sites et\/ou applications faisant partie du Service web, y compris le piratage informatique.<\/p>\n<p><strong>Modalit\u00e9s de conclusion et termes d&rsquo;efficacit\u00e9 du contrat<\/strong><\/p>\n<p>La validit\u00e9 du Contrat \u00e9quivaut \u00e0 la p\u00e9riode d&rsquo;utilisation du Service web d\u00e9finie par le Client lors de la souscription. \u00c0 l&rsquo;expiration, le service web prend fin et aucune obligation n&rsquo;est due aux Parties.<\/p>\n<p>L&rsquo;utilisation du service web doit se faire selon les conditions \u00e9tablies par le pr\u00e9sent contrat. En particulier, il permet au Client d&rsquo;utiliser le service web de mani\u00e8re ex\u00e9cutable. Le Client ne peut en aucun cas c\u00e9der ou transf\u00e9rer le service \u00e0 des tiers (personne, soci\u00e9t\u00e9 ou entit\u00e9s).<\/p>\n<p>\u00c0 l&rsquo;expiration du service web (fin des cr\u00e9dits), qu&rsquo;il soit gratuit ou par abonnement, le Fournisseur s&rsquo;engage \u00e0 d\u00e9sactiver toutes les donn\u00e9es entr\u00e9es dans le Service web apr\u00e8s 180 jours, et apr\u00e8s 200 jours \u00e0 compter de la fin du pr\u00e9sent contrat, sauf en cas de renouvellement de la fourniture, les donn\u00e9es seront d\u00e9finitivement supprim\u00e9es, sauf indication contraire dans les conditions du service sp\u00e9cifique.<\/p>\n<p>En cas de non-utilisation du service web, de profilage et\/ou de non-acc\u00e8s \u00e0 la plateforme, apr\u00e8s 360 jours, le Fournisseur s&rsquo;engage \u00e0 supprimer d\u00e9finitivement les donn\u00e9es entr\u00e9es dans le service web.<\/p>\n<p>Le client int\u00e9ress\u00e9 par la sauvegarde des donn\u00e9es saisies peut proc\u00e9der lui-m\u00eame \u00e0 leur archivage avant la date limite susmentionn\u00e9e. \u00c0 l&rsquo;expiration, le Fournisseur proc\u00e9dera \u00e0 la suppression massive de toutes les donn\u00e9es entr\u00e9es par le client dans la plateforme.<\/p>\n<p><strong>D\u00e9mo<\/strong><\/p>\n<p>La p\u00e9riode de d\u00e9monstration dure 30 jours \u00e0 compter de l&rsquo;activation du service web d\u00e9fini par le Client et est gratuite, incluant le traitement de 20 documents. A l&rsquo;\u00e9ch\u00e9ance, sauf en cas de nouvelle fourniture, le Fournisseur s&rsquo;engage \u00e0 supprimer d\u00e9finitivement les donn\u00e9es saisies dans le service web <strong>40 jours <\/strong>apr\u00e8s l&rsquo;activation de la d\u00e9mo.<\/p>\n<p><strong>R\u00e9solution<\/strong><\/p>\n<p>Il est confirm\u00e9 que le client a le droit de mettre fin \u00e0 la mission \u00e0 tout moment, sans que rien ne soit d\u00fb par l&rsquo;une ou l&rsquo;autre des parties.<\/p>\n<p>En cas de r\u00e9siliation du pr\u00e9sent Contrat, le Client et ses Utilisateurs ne pourront plus utiliser le Service Web, qui sera masqu\u00e9 et rendu inaccessible par le Fournisseur.<\/p>\n<p><strong>Continuit\u00e9 du service<\/strong><\/p>\n<p>Bien que le Fournisseur s&rsquo;efforce d&rsquo;assurer un acc\u00e8s au Service Web normalement vingt-quatre heures sur vingt-quatre (24 heures sur 24), les Parties conviennent que, en cas de force majeure et \u00e0 titre exceptionnel, le Service peut \u00eatre temporairement indisponible sans que le Fournisseur n&rsquo;en soit responsable. L&rsquo;acc\u00e8s \u00e0 ce Service peut \u00e9galement \u00eatre temporairement suspendu sans pr\u00e9avis. Le Fournisseur a le droit d&rsquo;activer les dispositifs permettant de bloquer le fonctionnement du Service en cas de non-renouvellement de celui-ci par le Client.<\/p>\n<p><strong>Propri\u00e9t\u00e9 intellectuelle<\/strong><\/p>\n<p>Le logiciel, les sites et applications composant le Service Web, ainsi que les supports associ\u00e9s couverts par le pr\u00e9sent Contrat, sont prot\u00e9g\u00e9s par la l\u00e9gislation sur le droit d&rsquo;auteur en tant qu&rsquo;\u0153uvres intellectuelles, ainsi que par les r\u00e9glementations sur les secrets industriels et commerciaux, les marques et la concurrence d\u00e9loyale. Il est entendu que tous les droits de propri\u00e9t\u00e9 intellectuelle relatifs aux nouvelles versions du Service \u00e9ventuellement fournies au Client suite \u00e0 des travaux de maintenance ou d&rsquo;extension faisant l&rsquo;objet d&rsquo;accords suppl\u00e9mentaires appartiendront au Fournisseur. Les dispositions du pr\u00e9sent Contrat s&rsquo;appliqueront \u00e0 ces \u00e9ventuelles nouvelles versions.<\/p>\n<p><strong>Activit\u00e9s non incluses dans le contrat<\/strong><\/p>\n<p>Le pr\u00e9sent Contrat ne conf\u00e8re pas au Client le droit d&rsquo;obtenir des activit\u00e9s de modification, d\u00e9veloppement, personnalisation ou impl\u00e9mentation du Service web, en dehors de ce qui est sp\u00e9cifi\u00e9 dans les fonctionnalit\u00e9s du Service lui-m\u00eame d\u00e9crites sur le Site web de r\u00e9f\u00e9rence. Le pr\u00e9sent Contrat ne donne pas au Client le droit de recevoir d&rsquo;\u00e9ventuelles extensions ult\u00e9rieures mises \u00e0 disposition apr\u00e8s la souscription du Service web lui-m\u00eame et d\u00e9velopp\u00e9es par le Fournisseur, contenant des am\u00e9liorations et des modifications de celui-ci.<\/p>\n<p><strong>R\u00e9tributions<\/strong><\/p>\n<p>Les r\u00e9tributions sont indiqu\u00e9es sur le Site web dans la section sp\u00e9cifique sur les prix, qui contient toutes les informations sur les plans pr\u00e9vus.<\/p>\n<p>La fourniture du Service Web aura lieu apr\u00e8s le premier paiement ou la souscription de la p\u00e9riode d&rsquo;essai, \u00e0 n&rsquo;importe quel jour du mois o\u00f9 cela se produit.<\/p>\n<p>La p\u00e9riode de fourniture correspond \u00e0 la dur\u00e9e choisie par le Client lors de la souscription pour l&rsquo;achat des plans de service <strong>(par exemple, 80, 200, 500 documents g\u00e9r\u00e9s ou gratuit pour 20 documents correspondant \u00e0 la p\u00e9riode de d\u00e9mo).<\/strong><\/p>\n<p>\u00c0 l&rsquo;expiration, et en l&rsquo;absence de renouvellement de l&rsquo;achat de nouveaux plans par le Client lui-m\u00eame, le Service expire, sans obligation pour le Client de renouvellements futurs.<\/p>\n<p>Le paiement devra \u00eatre effectu\u00e9 directement via le Site web de r\u00e9f\u00e9rence via Paypal. L&rsquo;\u00e9mission des factures par le Fournisseur aura lieu apr\u00e8s chaque paiement du Client.<\/p>\n<p><strong>Garanties et Responsabilit\u00e9s<\/strong><\/p>\n<p>Le Fournisseur garantit uniquement que le Service web est capable d&rsquo;effectuer les op\u00e9rations pr\u00e9vues et d\u00e9crites sur le Site web. Le Client reconna\u00eet que le Service web est apte \u00e0 r\u00e9pondre \u00e0 ses besoins.<\/p>\n<p>Les Parties reconnaissent mutuellement qu&rsquo;\u00e0 l&rsquo;\u00e9tat actuel de la technologie, il n&rsquo;est pas possible de garantir la r\u00e9alisation d&rsquo;un Service web totalement exempt de d\u00e9fauts et de vices.<\/p>\n<p>Le Fournisseur s&rsquo;engage \u00e0 s&rsquo;efforcer d&rsquo;\u00e9liminer tout d\u00e9faut ou vice du Service web qui serait signal\u00e9 par \u00e9crit par le Client pendant la p\u00e9riode de souscription, ou \u00e0 partir de la date de d\u00e9but de la fourniture, sauf s&rsquo;il s&rsquo;agit de d\u00e9fauts et\/ou d&rsquo;erreurs non imputables \u00e0 l&rsquo;activit\u00e9 du Fournisseur.<\/p>\n<p>En aucun cas, le Fournisseur ne sera tenu responsable des \u00e9ventuels dommages directs et indirects subis par le Client ou des tiers en raison de l&rsquo;utilisation ou de la non-utilisation du Service Web.<\/p>\n<p>En tout \u00e9tat de cause, la responsabilit\u00e9 du Fournisseur sera limit\u00e9e \u00e0 la r\u00e9tribution re\u00e7ue en vertu du pr\u00e9sent Contrat.<\/p>\n<p><strong>Confidentialit\u00e9<\/strong><\/p>\n<p>Le Client s&rsquo;engage, pour lui-m\u00eame et pour son personnel, \u00e0 maintenir confidentielles les informations relatives au Service web, et \u00e0 faire tout ce qui est en son pouvoir pour \u00e9viter que des tiers ne prennent connaissance ou n&rsquo;utilisent le Service web, \u00e0 l&rsquo;exception des Utilisateurs reconnus par le Client.<\/p>\n<p><strong>Vie priv\u00e9e<\/strong><\/p>\n<p>Les dispositions \u00e9num\u00e9r\u00e9es dans le chapitre \u00ab\u00a0Protection des donn\u00e9es\u00a0\u00bb qui r\u00e9pondent aux normes \u00e9lev\u00e9es du RGPD et du GDPR s&rsquo;appliquent.<\/p>\n<p>Chacune des parties s&rsquo;engage \u00e0 traiter les donn\u00e9es personnelles fournies par l&rsquo;autre partie, dont elle prendra connaissance dans le cadre de l&rsquo;ex\u00e9cution de la pr\u00e9sente offre, conform\u00e9ment aux dispositions l\u00e9gales en mati\u00e8re de protection des donn\u00e9es personnelles.<\/p>\n<p>Afin de prot\u00e9ger les donn\u00e9es trait\u00e9es, et conform\u00e9ment \u00e0 la r\u00e9glementation en vigueur en mati\u00e8re de protection de la vie priv\u00e9e, l&rsquo;acc\u00e8s au service Web se fera uniquement par le biais d&rsquo;une identification \u00e0 l&rsquo;aide d&rsquo;identifiants confidentiels.<\/p>\n<p>Les donn\u00e9es sont stock\u00e9es sur les serveurs de partenaires tiers (Hosttech GmbH, \u00e0 Richterswil, CHE-114.992.562) bas\u00e9s en Suisse. Le Fournisseur se r\u00e9serve le droit d&rsquo;utiliser les donn\u00e9es fournies par le Client au moment de l&rsquo;inscription pour envoyer des communications promotionnelles et\/ou commerciales par le biais de bulletins d&rsquo;information, de messages textuels, d&rsquo;appels et d&rsquo;e-mails. Le Fournisseur ne pr\u00e9voit pas le transfert ou la communication des donn\u00e9es personnelles du Client \u00e0 des tiers \u00e0 des fins statistiques ou de marketing. En cas de demande de donn\u00e9es et d&rsquo;informations de la part des autorit\u00e9s judiciaires, et uniquement dans les cas pr\u00e9vus par la loi, le Fournisseur s&rsquo;engage \u00e0 en informer rapidement et exclusivement le Client, par la lettre recommand\u00e9e indiqu\u00e9e dans le pr\u00e9sent contrat.<\/p>\n<p>Le Client, en sa qualit\u00e9 de Responsable du traitement des donn\u00e9es, des informations et des archives d&rsquo;entreprise relatives aux donn\u00e9es personnelles, s&rsquo;engage \u00e0 donner au Fournisseur, conform\u00e9ment au RGPD et au GDPR, un mandat formel en tant que Responsable externe du traitement des donn\u00e9es qui s&rsquo;av\u00e8rent n\u00e9cessaires \u00e0 la bonne ex\u00e9cution de la pr\u00e9sente offre et \u00e0 donner les instructions correspondantes. Le Client indemnisera, en tout \u00e9tat de cause, le Fournisseur de toute faute et\/ou d\u00e9pense que ce dernier pourrait supporter en raison de violations \u00e9ventuelles qui ne sont pas directement imputables \u00e0 des manquements aux instructions donn\u00e9es par le Client lui-m\u00eame.<\/p>\n<p>Le Client d\u00e9clare et garantit qu&rsquo;il a pris toutes les mesures de s\u00e9curit\u00e9 n\u00e9cessaires et appropri\u00e9es pour que le syst\u00e8me d&rsquo;information faisant l&rsquo;objet de la pr\u00e9sente offre (s&rsquo;il n&rsquo;est pas g\u00e9r\u00e9 par le Fournisseur) soit prot\u00e9g\u00e9 de mani\u00e8re ad\u00e9quate contre la perte, les dommages, l&rsquo;acc\u00e8s non autoris\u00e9 par des tiers, ainsi que contre l&rsquo;introduction de virus. Le client et les utilisateurs sont, pendant la dur\u00e9e du pr\u00e9sent contrat, responsables des documents transmis, t\u00e9l\u00e9charg\u00e9s et stock\u00e9s sur la plateforme, ainsi que de la suppression, conform\u00e9ment \u00e0 la loi, des documents disponibles. Les utilisateurs peuvent demander la correction de leurs donn\u00e9es personnelles et la cr\u00e9ation de nouveaux justificatifs d&rsquo;identit\u00e9 exclusivement aupr\u00e8s du client, qui en est responsable.<\/p>\n<p><strong>Charges fiscales<\/strong><\/p>\n<p>Tout imp\u00f4t ou taxe sur le pr\u00e9sent accord ou sur la contrepartie qui y est pr\u00e9vue sera support\u00e9 par chaque partie conform\u00e9ment \u00e0 la l\u00e9gislation fiscale applicable.<\/p>\n<p><strong>Droit applicable et juridiction<\/strong><\/p>\n<p>Dans la mesure o\u00f9 la loi le permet, tous les rapports juridiques entre les utilisateurs du site et CHC Business Solutions AG sont soumises au droit mat\u00e9riel suisse. Le lieu de juridiction exclusif est Lugano.<\/p>\n<p><strong>Clauses finales<\/strong><\/p>\n<p>Le pr\u00e9sent contrat \u00e9puise les droits et obligations du client et du fournisseur en ce qui concerne l&rsquo;objet du contrat.<\/p>\n<p>Tout accord \u00e9crit et\/ou oral ant\u00e9rieur et diff\u00e9rent entre les parties sera consid\u00e9r\u00e9 comme nul et non avenu.<\/p>\n<p>Toute tol\u00e9rance par une partie d&rsquo;un comportement de l&rsquo;autre partie en violation des dispositions du pr\u00e9sent accord ne constitue pas une renonciation \u00e0 ses droits en vertu du pr\u00e9sent accord.<\/p>\n<p>Toute modification des termes et conditions du pr\u00e9sent contrat doit, sous peine de nullit\u00e9, \u00eatre faite par \u00e9crit.<\/p>\n<p><em>Derni\u00e8re modification : 1er mai 2023<\/em><\/p>\n<\/div><\/div><\/div><\/div><\/div>\n","protected":false},"excerpt":{"rendered":"","protected":false},"author":1,"featured_media":0,"parent":0,"menu_order":0,"comment_status":"closed","ping_status":"closed","template":"","meta":{"footnotes":""},"class_list":["post-5511","page","type-page","status-publish","hentry"],"yoast_head":"<!-- This site is optimized with the Yoast SEO plugin v27.2 - https:\/\/yoast.com\/product\/yoast-seo-wordpress\/ -->\n<title>Conditions g\u00e9n\u00e9rales | Digitalisation et automatisation pour les PME<\/title>\n<meta name=\"description\" content=\"Exego est la Suite qui permet aux PME de se digitaliser et de s&#039;automatiser\" \/>\n<meta name=\"robots\" content=\"index, follow, max-snippet:-1, max-image-preview:large, max-video-preview:-1\" \/>\n<link rel=\"canonical\" href=\"https:\/\/exego.ch\/fr\/conditions-generales-de-vente\/\" \/>\n<meta property=\"og:locale\" content=\"fr_FR\" \/>\n<meta property=\"og:type\" content=\"article\" \/>\n<meta property=\"og:title\" content=\"Conditions g\u00e9n\u00e9rales | Digitalisation et automatisation pour les PME\" \/>\n<meta property=\"og:description\" content=\"Exego est la Suite qui permet aux PME de se digitaliser et de s&#039;automatiser\" \/>\n<meta property=\"og:url\" content=\"https:\/\/exego.ch\/fr\/conditions-generales-de-vente\/\" \/>\n<meta property=\"og:site_name\" content=\"exego - digitalizzazione e automazione per PMI\" \/>\n<meta property=\"article:publisher\" content=\"https:\/\/www.facebook.com\/exegoch\" \/>\n<meta property=\"article:modified_time\" content=\"2024-06-18T11:56:56+00:00\" \/>\n<meta name=\"twitter:card\" content=\"summary_large_image\" \/>\n<meta name=\"twitter:label1\" content=\"Dur\u00e9e de lecture estim\u00e9e\" \/>\n\t<meta name=\"twitter:data1\" content=\"8 minutes\" \/>\n<script type=\"application\/ld+json\" class=\"yoast-schema-graph\">{\"@context\":\"https:\/\/schema.org\",\"@graph\":[{\"@type\":\"WebPage\",\"@id\":\"https:\/\/exego.ch\/fr\/conditions-generales-de-vente\/\",\"url\":\"https:\/\/exego.ch\/fr\/conditions-generales-de-vente\/\",\"name\":\"Conditions g\u00e9n\u00e9rales | Digitalisation et automatisation pour les PME\",\"isPartOf\":{\"@id\":\"https:\/\/exego.ch\/fr\/#website\"},\"datePublished\":\"2023-04-18T11:33:44+00:00\",\"dateModified\":\"2024-06-18T11:56:56+00:00\",\"description\":\"Exego est la Suite qui permet aux PME de se digitaliser et de s'automatiser\",\"breadcrumb\":{\"@id\":\"https:\/\/exego.ch\/fr\/conditions-generales-de-vente\/#breadcrumb\"},\"inLanguage\":\"fr-FR\",\"potentialAction\":[{\"@type\":\"ReadAction\",\"target\":[\"https:\/\/exego.ch\/fr\/conditions-generales-de-vente\/\"]}]},{\"@type\":\"BreadcrumbList\",\"@id\":\"https:\/\/exego.ch\/fr\/conditions-generales-de-vente\/#breadcrumb\",\"itemListElement\":[{\"@type\":\"ListItem\",\"position\":1,\"name\":\"Home\",\"item\":\"https:\/\/exego.ch\/fr\/\"},{\"@type\":\"ListItem\",\"position\":2,\"name\":\"Conditions g\u00e9n\u00e9rales de vente\"}]},{\"@type\":\"WebSite\",\"@id\":\"https:\/\/exego.ch\/fr\/#website\",\"url\":\"https:\/\/exego.ch\/fr\/\",\"name\":\"exego\",\"description\":\"Semplicemente, semplice\",\"publisher\":{\"@id\":\"https:\/\/exego.ch\/fr\/#organization\"},\"potentialAction\":[{\"@type\":\"SearchAction\",\"target\":{\"@type\":\"EntryPoint\",\"urlTemplate\":\"https:\/\/exego.ch\/fr\/?s={search_term_string}\"},\"query-input\":{\"@type\":\"PropertyValueSpecification\",\"valueRequired\":true,\"valueName\":\"search_term_string\"}}],\"inLanguage\":\"fr-FR\"},{\"@type\":\"Organization\",\"@id\":\"https:\/\/exego.ch\/fr\/#organization\",\"name\":\"CHC Business Solutions AG\",\"url\":\"https:\/\/exego.ch\/fr\/\",\"logo\":{\"@type\":\"ImageObject\",\"inLanguage\":\"fr-FR\",\"@id\":\"https:\/\/exego.ch\/fr\/#\/schema\/logo\/image\/\",\"url\":\"https:\/\/exego.ch\/wp-content\/uploads\/2023\/02\/bg2.png\",\"contentUrl\":\"https:\/\/exego.ch\/wp-content\/uploads\/2023\/02\/bg2.png\",\"width\":4956,\"height\":1000,\"caption\":\"CHC Business Solutions AG\"},\"image\":{\"@id\":\"https:\/\/exego.ch\/fr\/#\/schema\/logo\/image\/\"},\"sameAs\":[\"https:\/\/www.facebook.com\/exegoch\",\"https:\/\/www.linkedin.com\/company\/exego-ch\/\",\"https:\/\/www.instagram.com\/exego.ch\/\"]}]}<\/script>\n<!-- \/ Yoast SEO plugin. -->","yoast_head_json":{"title":"Conditions g\u00e9n\u00e9rales | Digitalisation et automatisation pour les PME","description":"Exego est la Suite qui permet aux PME de se digitaliser et de s'automatiser","robots":{"index":"index","follow":"follow","max-snippet":"max-snippet:-1","max-image-preview":"max-image-preview:large","max-video-preview":"max-video-preview:-1"},"canonical":"https:\/\/exego.ch\/fr\/conditions-generales-de-vente\/","og_locale":"fr_FR","og_type":"article","og_title":"Conditions g\u00e9n\u00e9rales | Digitalisation et automatisation pour les PME","og_description":"Exego est la Suite qui permet aux PME de se digitaliser et de s'automatiser","og_url":"https:\/\/exego.ch\/fr\/conditions-generales-de-vente\/","og_site_name":"exego - digitalizzazione e automazione per PMI","article_publisher":"https:\/\/www.facebook.com\/exegoch","article_modified_time":"2024-06-18T11:56:56+00:00","twitter_card":"summary_large_image","twitter_misc":{"Dur\u00e9e de lecture estim\u00e9e":"8 minutes"},"schema":{"@context":"https:\/\/schema.org","@graph":[{"@type":"WebPage","@id":"https:\/\/exego.ch\/fr\/conditions-generales-de-vente\/","url":"https:\/\/exego.ch\/fr\/conditions-generales-de-vente\/","name":"Conditions g\u00e9n\u00e9rales | Digitalisation et automatisation pour les PME","isPartOf":{"@id":"https:\/\/exego.ch\/fr\/#website"},"datePublished":"2023-04-18T11:33:44+00:00","dateModified":"2024-06-18T11:56:56+00:00","description":"Exego est la Suite qui permet aux PME de se digitaliser et de s'automatiser","breadcrumb":{"@id":"https:\/\/exego.ch\/fr\/conditions-generales-de-vente\/#breadcrumb"},"inLanguage":"fr-FR","potentialAction":[{"@type":"ReadAction","target":["https:\/\/exego.ch\/fr\/conditions-generales-de-vente\/"]}]},{"@type":"BreadcrumbList","@id":"https:\/\/exego.ch\/fr\/conditions-generales-de-vente\/#breadcrumb","itemListElement":[{"@type":"ListItem","position":1,"name":"Home","item":"https:\/\/exego.ch\/fr\/"},{"@type":"ListItem","position":2,"name":"Conditions g\u00e9n\u00e9rales de vente"}]},{"@type":"WebSite","@id":"https:\/\/exego.ch\/fr\/#website","url":"https:\/\/exego.ch\/fr\/","name":"exego","description":"Semplicemente, semplice","publisher":{"@id":"https:\/\/exego.ch\/fr\/#organization"},"potentialAction":[{"@type":"SearchAction","target":{"@type":"EntryPoint","urlTemplate":"https:\/\/exego.ch\/fr\/?s={search_term_string}"},"query-input":{"@type":"PropertyValueSpecification","valueRequired":true,"valueName":"search_term_string"}}],"inLanguage":"fr-FR"},{"@type":"Organization","@id":"https:\/\/exego.ch\/fr\/#organization","name":"CHC Business Solutions AG","url":"https:\/\/exego.ch\/fr\/","logo":{"@type":"ImageObject","inLanguage":"fr-FR","@id":"https:\/\/exego.ch\/fr\/#\/schema\/logo\/image\/","url":"https:\/\/exego.ch\/wp-content\/uploads\/2023\/02\/bg2.png","contentUrl":"https:\/\/exego.ch\/wp-content\/uploads\/2023\/02\/bg2.png","width":4956,"height":1000,"caption":"CHC Business Solutions AG"},"image":{"@id":"https:\/\/exego.ch\/fr\/#\/schema\/logo\/image\/"},"sameAs":["https:\/\/www.facebook.com\/exegoch","https:\/\/www.linkedin.com\/company\/exego-ch\/","https:\/\/www.instagram.com\/exego.ch\/"]}]}},"jetpack_sharing_enabled":true,"_links":{"self":[{"href":"https:\/\/exego.ch\/fr\/wp-json\/wp\/v2\/pages\/5511","targetHints":{"allow":["GET"]}}],"collection":[{"href":"https:\/\/exego.ch\/fr\/wp-json\/wp\/v2\/pages"}],"about":[{"href":"https:\/\/exego.ch\/fr\/wp-json\/wp\/v2\/types\/page"}],"author":[{"embeddable":true,"href":"https:\/\/exego.ch\/fr\/wp-json\/wp\/v2\/users\/1"}],"replies":[{"embeddable":true,"href":"https:\/\/exego.ch\/fr\/wp-json\/wp\/v2\/comments?post=5511"}],"version-history":[{"count":3,"href":"https:\/\/exego.ch\/fr\/wp-json\/wp\/v2\/pages\/5511\/revisions"}],"predecessor-version":[{"id":5514,"href":"https:\/\/exego.ch\/fr\/wp-json\/wp\/v2\/pages\/5511\/revisions\/5514"}],"wp:attachment":[{"href":"https:\/\/exego.ch\/fr\/wp-json\/wp\/v2\/media?parent=5511"}],"curies":[{"name":"wp","href":"https:\/\/api.w.org\/{rel}","templated":true}]}}